{"id":252,"date":"2023-01-16T21:56:16","date_gmt":"2023-01-16T20:56:16","guid":{"rendered":"https:\/\/kanzlei-ak.de\/pl\/?page_id=252"},"modified":"2023-01-16T21:59:30","modified_gmt":"2023-01-16T20:59:30","slug":"informacje-prawne","status":"publish","type":"page","link":"https:\/\/kanzlei-ak.de\/pl\/informacje-prawne\/","title":{"rendered":"Informacje prawne"},"content":{"rendered":"\t\t<div data-elementor-type=\"wp-page\" data-elementor-id=\"252\" class=\"elementor elementor-252\">\n\t\t\t\t\t\t\t\t\t<section class=\"elementor-section elementor-top-section elementor-element elementor-element-744f033 elementor-section-boxed elementor-section-height-default elementor-section-height-default\" data-id=\"744f033\" data-element_type=\"section\" data-settings=\"{&quot;background_background&quot;:&quot;classic&quot;}\">\n\t\t\t\t\t\t<div class=\"elementor-container elementor-column-gap-default\">\n\t\t\t\t\t<div class=\"elementor-column elementor-col-100 elementor-top-column elementor-element elementor-element-54abaa5\" data-id=\"54abaa5\" data-element_type=\"column\">\n\t\t\t<div class=\"elementor-widget-wrap elementor-element-populated\">\n\t\t\t\t\t\t\t\t<div class=\"elementor-element elementor-element-5e91c0f elementor-widget elementor-widget-text-editor\" data-id=\"5e91c0f\" data-element_type=\"widget\" data-widget_type=\"text-editor.default\">\n\t\t\t\t<div class=\"elementor-widget-container\">\n\t\t\t<style>\/*! elementor - v3.9.2 - 21-12-2022 *\/\n.elementor-widget-text-editor.elementor-drop-cap-view-stacked .elementor-drop-cap{background-color:#818a91;color:#fff}.elementor-widget-text-editor.elementor-drop-cap-view-framed .elementor-drop-cap{color:#818a91;border:3px solid;background-color:transparent}.elementor-widget-text-editor:not(.elementor-drop-cap-view-default) .elementor-drop-cap{margin-top:8px}.elementor-widget-text-editor:not(.elementor-drop-cap-view-default) .elementor-drop-cap-letter{width:1em;height:1em}.elementor-widget-text-editor .elementor-drop-cap{float:left;text-align:center;line-height:1;font-size:50px}.elementor-widget-text-editor .elementor-drop-cap-letter{display:inline-block}<\/style>\t\t\t\t<p>\u00a0informacje prawne<\/p>\t\t\t\t\t\t<\/div>\n\t\t\t\t<\/div>\n\t\t\t\t\t<\/div>\n\t\t<\/div>\n\t\t\t\t\t\t\t<\/div>\n\t\t<\/section>\n\t\t\t\t<section class=\"elementor-section elementor-top-section elementor-element elementor-element-f995830 elementor-section-boxed elementor-section-height-default elementor-section-height-default\" data-id=\"f995830\" data-element_type=\"section\">\n\t\t\t\t\t\t<div class=\"elementor-container elementor-column-gap-default\">\n\t\t\t\t\t<div class=\"elementor-column elementor-col-100 elementor-top-column elementor-element elementor-element-5b9b4e9\" data-id=\"5b9b4e9\" data-element_type=\"column\">\n\t\t\t<div class=\"elementor-widget-wrap elementor-element-populated\">\n\t\t\t\t\t\t\t\t<div class=\"elementor-element elementor-element-bc728f5 elementor-widget elementor-widget-text-editor\" data-id=\"bc728f5\" data-element_type=\"widget\" data-widget_type=\"text-editor.default\">\n\t\t\t\t<div class=\"elementor-widget-container\">\n\t\t\t\t\t\t\t<p>Impressum<\/p><p><strong>Angaben gem\u00e4\u00df \u00a7 <\/strong><strong>5 TMG<\/strong><\/p><p>Rechtsanw\u00e4ltin Anna Kurasiewicz<\/p><p>Im Tale 35<\/p><p>20251 Hamburg<\/p><p>Telefon: +49 (0) 40 26188115<\/p><p>Telefon: +49 (0) 176 565 46 523<\/p><p>E-Mail: info@kanzlei-ak.de<\/p><p>Berufsbezeichnung: Rechtsanw\u00e4ltin, verliehen in der Bundesrepublik Deutschland<\/p><p><strong>Zust\u00e4ndige Kammer<\/strong><\/p><p>Hanseatische Rechtsanwaltskammer Hamburg<br \/>Valentinskamp 88<\/p><p>20355 Hamburg<\/p><p>T\u00a0040 \/ 35 74 41-0<\/p><p>F\u00a0040\u00a0\/ 35 74 41-41<\/p><p>E-Mail: <a href=\"mailto:info@rak-hamburg.de\">info@rak-hamburg.de<\/a><\/p><p><strong>Es gelten folgende berufsrechtliche Regelungen<\/strong><\/p><p>\u00a0&#8211; Bundesrechtsanwaltsordnung (BRAO)<\/p><p>\u00a0&#8211; Berufsordnung der Rechtsanw\u00e4lte (BORA)<\/p><p>\u00a0&#8211; Fachanwaltsordnung (FAO)<\/p><p>\u00a0&#8211; Gesetz \u00fcber die Verg\u00fctung der Rechtsanw\u00e4ltinnen und Rechtsanw\u00e4lte (RVG)<\/p><p>\u00a0&#8211; Berufsordnung der Rechtsanw\u00e4lte (BORA)<\/p><p>\u00a0&#8211; Berufsregeln der Rechtsanw\u00e4lte der Europ\u00e4ischen Gemeinschaft (CCBE)<\/p><p>\u00a0&#8211; Gesetz \u00fcber die T\u00e4tigkeit europ\u00e4ischer Rechtsanw\u00e4lte in Deutschland (EuRAG)<\/p><p>Die berufsrechtlichen Regelungen k\u00f6nnen auf der Homepage der Bundesrechtsanwaltskammer <a href=\"http:\/\/www.brak.de\">www.brak.de<\/a> eingesehen werden.<\/p><p><strong>Berufshaftpflichtversicherung<\/strong><\/p><p><strong>HDI Versicherung AG<\/strong><\/p><p>30650 Hannover<\/p><p>Telefon +49 (511) 3031 7157<\/p><p><a href=\"http:\/\/www.hdi.de\/\">www.hdi.de<\/a><\/p><p><strong>Information gem\u00e4\u00df \u00a7 <\/strong><strong>36 VSBG<\/strong><\/p><p>Die Rechtsanw\u00e4ltin Anna Kurasiewicz ist nicht bereit oder verpflichtet, an Streitbeilegungsverfahren vor einer Verbraucherschlichtungsstelle teilzunehmen.<\/p><p>\u00a0<\/p>\t\t\t\t\t\t<\/div>\n\t\t\t\t<\/div>\n\t\t\t\t\t<\/div>\n\t\t<\/div>\n\t\t\t\t\t\t\t<\/div>\n\t\t<\/section>\n\t\t\t\t\t\t\t<\/div>\n\t\t","protected":false},"excerpt":{"rendered":"<p>\u00a0informacje prawne Impressum Angaben gem\u00e4\u00df \u00a7 5 TMG Rechtsanw\u00e4ltin Anna Kurasiewicz Im Tale 35 20251 Hamburg Telefon: +49 (0) 40 26188115 Telefon: +49 (0) 176 565 46 523 E-Mail: info@kanzlei-ak.de Berufsbezeichnung: Rechtsanw\u00e4ltin, verliehen in der Bundesrepublik Deutschland Zust\u00e4ndige Kammer Hanseatische Rechtsanwaltskammer HamburgValentinskamp 88 20355 Hamburg T\u00a0040 \/ 35 74 41-0 F\u00a0040\u00a0\/ 35 74 41-41 E-Mail: [&hellip;]<\/p>\n","protected":false},"author":1,"featured_media":0,"parent":0,"menu_order":0,"comment_status":"closed","ping_status":"closed","template":"","meta":[],"yoast_head":"<!-- This site is optimized with the Yoast SEO plugin v19.13 - https:\/\/yoast.com\/wordpress\/plugins\/seo\/ -->\n<title>Informacje prawne - Kancelaria Anna Kurasiewicz<\/title>\n<meta name=\"robots\" content=\"index, follow, max-snippet:-1, max-image-preview:large, max-video-preview:-1\" \/>\n<link rel=\"canonical\" href=\"https:\/\/kanzlei-ak.de\/pl\/informacje-prawne\/\" \/>\n<meta property=\"og:locale\" content=\"pl_PL\" \/>\n<meta property=\"og:type\" content=\"article\" \/>\n<meta property=\"og:title\" content=\"Informacje prawne - Kancelaria Anna Kurasiewicz\" \/>\n<meta property=\"og:description\" content=\"\u00a0informacje prawne Impressum Angaben gem\u00e4\u00df \u00a7 5 TMG Rechtsanw\u00e4ltin Anna Kurasiewicz Im Tale 35 20251 Hamburg Telefon: +49 (0) 40 26188115 Telefon: +49 (0) 176 565 46 523 E-Mail: info@kanzlei-ak.de Berufsbezeichnung: Rechtsanw\u00e4ltin, verliehen in der Bundesrepublik Deutschland Zust\u00e4ndige Kammer Hanseatische Rechtsanwaltskammer HamburgValentinskamp 88 20355 Hamburg T\u00a0040 \/ 35 74 41-0 F\u00a0040\u00a0\/ 35 74 41-41 E-Mail: [&hellip;]\" \/>\n<meta property=\"og:url\" content=\"https:\/\/kanzlei-ak.de\/pl\/informacje-prawne\/\" \/>\n<meta property=\"og:site_name\" content=\"Kancelaria Anna Kurasiewicz\" \/>\n<meta property=\"article:modified_time\" content=\"2023-01-16T20:59:30+00:00\" \/>\n<meta name=\"twitter:card\" content=\"summary_large_image\" \/>\n<meta name=\"twitter:label1\" content=\"Szacowany czas czytania\" \/>\n\t<meta name=\"twitter:data1\" content=\"1 minuta\" \/>\n<script type=\"application\/ld+json\" class=\"yoast-schema-graph\">{\"@context\":\"https:\/\/schema.org\",\"@graph\":[{\"@type\":\"WebPage\",\"@id\":\"https:\/\/kanzlei-ak.de\/pl\/informacje-prawne\/\",\"url\":\"https:\/\/kanzlei-ak.de\/pl\/informacje-prawne\/\",\"name\":\"Informacje prawne - Kancelaria Anna Kurasiewicz\",\"isPartOf\":{\"@id\":\"https:\/\/kanzlei-ak.de\/pl\/#website\"},\"datePublished\":\"2023-01-16T20:56:16+00:00\",\"dateModified\":\"2023-01-16T20:59:30+00:00\",\"breadcrumb\":{\"@id\":\"https:\/\/kanzlei-ak.de\/pl\/informacje-prawne\/#breadcrumb\"},\"inLanguage\":\"pl-PL\",\"potentialAction\":[{\"@type\":\"ReadAction\",\"target\":[\"https:\/\/kanzlei-ak.de\/pl\/informacje-prawne\/\"]}]},{\"@type\":\"BreadcrumbList\",\"@id\":\"https:\/\/kanzlei-ak.de\/pl\/informacje-prawne\/#breadcrumb\",\"itemListElement\":[{\"@type\":\"ListItem\",\"position\":1,\"name\":\"Strona g\u0142\u00f3wna\",\"item\":\"https:\/\/kanzlei-ak.de\/pl\/\"},{\"@type\":\"ListItem\",\"position\":2,\"name\":\"Informacje prawne\"}]},{\"@type\":\"WebSite\",\"@id\":\"https:\/\/kanzlei-ak.de\/pl\/#website\",\"url\":\"https:\/\/kanzlei-ak.de\/pl\/\",\"name\":\"Kancelaria Anna Kurasiewicz\",\"description\":\"Fachowa pomoc prawna jest dla mnie priorytetem\",\"potentialAction\":[{\"@type\":\"SearchAction\",\"target\":{\"@type\":\"EntryPoint\",\"urlTemplate\":\"https:\/\/kanzlei-ak.de\/pl\/?s={search_term_string}\"},\"query-input\":\"required name=search_term_string\"}],\"inLanguage\":\"pl-PL\"}]}<\/script>\n<!-- \/ Yoast SEO plugin. -->","yoast_head_json":{"title":"Informacje prawne - Kancelaria Anna Kurasiewicz","robots":{"index":"index","follow":"follow","max-snippet":"max-snippet:-1","max-image-preview":"max-image-preview:large","max-video-preview":"max-video-preview:-1"},"canonical":"https:\/\/kanzlei-ak.de\/pl\/informacje-prawne\/","og_locale":"pl_PL","og_type":"article","og_title":"Informacje prawne - Kancelaria Anna Kurasiewicz","og_description":"\u00a0informacje prawne Impressum Angaben gem\u00e4\u00df \u00a7 5 TMG Rechtsanw\u00e4ltin Anna Kurasiewicz Im Tale 35 20251 Hamburg Telefon: +49 (0) 40 26188115 Telefon: +49 (0) 176 565 46 523 E-Mail: info@kanzlei-ak.de Berufsbezeichnung: Rechtsanw\u00e4ltin, verliehen in der Bundesrepublik Deutschland Zust\u00e4ndige Kammer Hanseatische Rechtsanwaltskammer HamburgValentinskamp 88 20355 Hamburg T\u00a0040 \/ 35 74 41-0 F\u00a0040\u00a0\/ 35 74 41-41 E-Mail: [&hellip;]","og_url":"https:\/\/kanzlei-ak.de\/pl\/informacje-prawne\/","og_site_name":"Kancelaria Anna Kurasiewicz","article_modified_time":"2023-01-16T20:59:30+00:00","twitter_card":"summary_large_image","twitter_misc":{"Szacowany czas czytania":"1 minuta"},"schema":{"@context":"https:\/\/schema.org","@graph":[{"@type":"WebPage","@id":"https:\/\/kanzlei-ak.de\/pl\/informacje-prawne\/","url":"https:\/\/kanzlei-ak.de\/pl\/informacje-prawne\/","name":"Informacje prawne - Kancelaria Anna Kurasiewicz","isPartOf":{"@id":"https:\/\/kanzlei-ak.de\/pl\/#website"},"datePublished":"2023-01-16T20:56:16+00:00","dateModified":"2023-01-16T20:59:30+00:00","breadcrumb":{"@id":"https:\/\/kanzlei-ak.de\/pl\/informacje-prawne\/#breadcrumb"},"inLanguage":"pl-PL","potentialAction":[{"@type":"ReadAction","target":["https:\/\/kanzlei-ak.de\/pl\/informacje-prawne\/"]}]},{"@type":"BreadcrumbList","@id":"https:\/\/kanzlei-ak.de\/pl\/informacje-prawne\/#breadcrumb","itemListElement":[{"@type":"ListItem","position":1,"name":"Strona g\u0142\u00f3wna","item":"https:\/\/kanzlei-ak.de\/pl\/"},{"@type":"ListItem","position":2,"name":"Informacje prawne"}]},{"@type":"WebSite","@id":"https:\/\/kanzlei-ak.de\/pl\/#website","url":"https:\/\/kanzlei-ak.de\/pl\/","name":"Kancelaria Anna Kurasiewicz","description":"Fachowa pomoc prawna jest dla mnie priorytetem","potentialAction":[{"@type":"SearchAction","target":{"@type":"EntryPoint","urlTemplate":"https:\/\/kanzlei-ak.de\/pl\/?s={search_term_string}"},"query-input":"required name=search_term_string"}],"inLanguage":"pl-PL"}]}},"_links":{"self":[{"href":"https:\/\/kanzlei-ak.de\/pl\/wp-json\/wp\/v2\/pages\/252"}],"collection":[{"href":"https:\/\/kanzlei-ak.de\/pl\/wp-json\/wp\/v2\/pages"}],"about":[{"href":"https:\/\/kanzlei-ak.de\/pl\/wp-json\/wp\/v2\/types\/page"}],"author":[{"embeddable":true,"href":"https:\/\/kanzlei-ak.de\/pl\/wp-json\/wp\/v2\/users\/1"}],"replies":[{"embeddable":true,"href":"https:\/\/kanzlei-ak.de\/pl\/wp-json\/wp\/v2\/comments?post=252"}],"version-history":[{"count":7,"href":"https:\/\/kanzlei-ak.de\/pl\/wp-json\/wp\/v2\/pages\/252\/revisions"}],"predecessor-version":[{"id":295,"href":"https:\/\/kanzlei-ak.de\/pl\/wp-json\/wp\/v2\/pages\/252\/revisions\/295"}],"wp:attachment":[{"href":"https:\/\/kanzlei-ak.de\/pl\/wp-json\/wp\/v2\/media?parent=252"}],"curies":[{"name":"wp","href":"https:\/\/api.w.org\/{rel}","templated":true}]}}