{"id":2,"date":"2022-12-28T22:02:02","date_gmt":"2022-12-28T21:02:02","guid":{"rendered":"https:\/\/kanzlei-ak.de\/pl\/?page_id=2"},"modified":"2024-02-11T15:32:18","modified_gmt":"2024-02-11T14:32:18","slug":"strona-glowna","status":"publish","type":"page","link":"https:\/\/kanzlei-ak.de\/pl\/","title":{"rendered":"Polski adwokat Hamburg"},"content":{"rendered":"\t\t<div data-elementor-type=\"wp-page\" data-elementor-id=\"2\" class=\"elementor elementor-2\">\n\t\t\t\t\t\t\t\t\t<section class=\"elementor-section elementor-top-section elementor-element elementor-element-7ed7be2 elementor-section-height-min-height elementor-section-boxed elementor-section-height-default elementor-section-items-middle\" data-id=\"7ed7be2\" data-element_type=\"section\" data-settings=\"{&quot;background_background&quot;:&quot;classic&quot;}\">\n\t\t\t\t\t\t<div class=\"elementor-container elementor-column-gap-default\">\n\t\t\t\t\t<div class=\"elementor-column elementor-col-100 elementor-top-column elementor-element elementor-element-eefb72d\" data-id=\"eefb72d\" data-element_type=\"column\">\n\t\t\t<div class=\"elementor-widget-wrap elementor-element-populated\">\n\t\t\t\t\t\t\t\t<div class=\"elementor-element elementor-element-d001e0b elementor-widget__width-inherit elementor-widget elementor-widget-text-editor\" data-id=\"d001e0b\" data-element_type=\"widget\" data-widget_type=\"text-editor.default\">\n\t\t\t\t<div class=\"elementor-widget-container\">\n\t\t\t<style>\/*! elementor - v3.9.2 - 21-12-2022 *\/\n.elementor-widget-text-editor.elementor-drop-cap-view-stacked .elementor-drop-cap{background-color:#818a91;color:#fff}.elementor-widget-text-editor.elementor-drop-cap-view-framed .elementor-drop-cap{color:#818a91;border:3px solid;background-color:transparent}.elementor-widget-text-editor:not(.elementor-drop-cap-view-default) .elementor-drop-cap{margin-top:8px}.elementor-widget-text-editor:not(.elementor-drop-cap-view-default) .elementor-drop-cap-letter{width:1em;height:1em}.elementor-widget-text-editor .elementor-drop-cap{float:left;text-align:center;line-height:1;font-size:50px}.elementor-widget-text-editor .elementor-drop-cap-letter{display:inline-block}<\/style>\t\t\t\t<h1><strong><span class=\"S1PPyQ\"><br><\/span><\/strong><\/h1><h1><strong><span class=\"S1PPyQ\">Kancelaria<\/span><span class=\"S1PPyQ\"> prawna w Hamburgu<\/span><\/strong><\/h1>\n<h1><strong><span class=\"S1PPyQ\">Pa\u0144stwa adwokat w <\/span><span class=\"S1PPyQ\">Niemczech i prawnik<\/span><\/strong><\/h1>\n<h1><strong style=\"color: inherit; font-family: inherit; font-size: 2.5rem;\"><br><\/strong><\/h1><h1><strong style=\"color: inherit; font-family: inherit; font-size: 2.5rem;\">Zakres us\u0142ug:<\/strong><\/h1>\n<div><strong><span class=\"S1PPyQ\">Prawo<\/span><span class=\"S1PPyQ\"> pracy, rodzinne, spadkowe, cywilne<\/span><span class=\"S1PPyQ\">&nbsp;<\/span><\/strong><\/div>\n<div><strong><span class=\"S1PPyQ\">&nbsp;<\/span><\/strong><\/div>\n<div><strong><span class=\"S1PPyQ\">&nbsp;<\/span><\/strong><\/div>\n<div><strong><span class=\"S1PPyQ\">&nbsp;<\/span><\/strong><\/div>\n<div><strong><span class=\"S1PPyQ\">&nbsp;<\/span><\/strong><\/div>\t\t\t\t\t\t<\/div>\n\t\t\t\t<\/div>\n\t\t\t\t\t<\/div>\n\t\t<\/div>\n\t\t\t\t\t\t\t<\/div>\n\t\t<\/section>\n\t\t\t\t<section class=\"elementor-section elementor-top-section elementor-element elementor-element-d89b46e elementor-section-boxed elementor-section-height-default elementor-section-height-default\" data-id=\"d89b46e\" data-element_type=\"section\">\n\t\t\t\t\t\t<div class=\"elementor-container elementor-column-gap-default\">\n\t\t\t\t\t<div class=\"elementor-column elementor-col-33 elementor-top-column elementor-element elementor-element-012c2d7\" data-id=\"012c2d7\" data-element_type=\"column\">\n\t\t\t<div class=\"elementor-widget-wrap elementor-element-populated\">\n\t\t\t\t\t\t\t\t<div class=\"elementor-element elementor-element-1190de4 elementor-position-top elementor-vertical-align-top elementor-widget elementor-widget-image-box\" data-id=\"1190de4\" data-element_type=\"widget\" data-widget_type=\"image-box.default\">\n\t\t\t\t<div class=\"elementor-widget-container\">\n\t\t\t<style>\/*! elementor - v3.9.2 - 21-12-2022 *\/\n.elementor-widget-image-box .elementor-image-box-content{width:100%}@media (min-width:768px){.elementor-widget-image-box.elementor-position-left .elementor-image-box-wrapper,.elementor-widget-image-box.elementor-position-right .elementor-image-box-wrapper{display:flex}.elementor-widget-image-box.elementor-position-right .elementor-image-box-wrapper{text-align:right;flex-direction:row-reverse}.elementor-widget-image-box.elementor-position-left .elementor-image-box-wrapper{text-align:left;flex-direction:row}.elementor-widget-image-box.elementor-position-top .elementor-image-box-img{margin:auto}.elementor-widget-image-box.elementor-vertical-align-top .elementor-image-box-wrapper{align-items:flex-start}.elementor-widget-image-box.elementor-vertical-align-middle .elementor-image-box-wrapper{align-items:center}.elementor-widget-image-box.elementor-vertical-align-bottom .elementor-image-box-wrapper{align-items:flex-end}}@media (max-width:767px){.elementor-widget-image-box .elementor-image-box-img{margin-left:auto!important;margin-right:auto!important;margin-bottom:15px}}.elementor-widget-image-box .elementor-image-box-img{display:inline-block}.elementor-widget-image-box .elementor-image-box-title a{color:inherit}.elementor-widget-image-box .elementor-image-box-wrapper{text-align:center}.elementor-widget-image-box .elementor-image-box-description{margin:0}<\/style><div class=\"elementor-image-box-wrapper\"><figure class=\"elementor-image-box-img\"><a href=\"https:\/\/kanzlei-ak.de\/pl\/prawo-rodzinne\/\"><img decoding=\"async\" width=\"789\" height=\"500\" src=\"https:\/\/kanzlei-ak.de\/pl\/wp-content\/uploads\/sites\/2\/2022\/12\/36.png\" class=\"elementor-animation-grow attachment-full size-full wp-image-46\" alt=\"polski adwokat Hamburg\" loading=\"lazy\" srcset=\"https:\/\/kanzlei-ak.de\/pl\/wp-content\/uploads\/sites\/2\/2022\/12\/36.png 789w, https:\/\/kanzlei-ak.de\/pl\/wp-content\/uploads\/sites\/2\/2022\/12\/36-300x190.png 300w, https:\/\/kanzlei-ak.de\/pl\/wp-content\/uploads\/sites\/2\/2022\/12\/36-768x487.png 768w\" sizes=\"(max-width: 789px) 100vw, 789px\" \/><\/a><\/figure><div class=\"elementor-image-box-content\"><h3 class=\"elementor-image-box-title\"><a href=\"https:\/\/kanzlei-ak.de\/pl\/prawo-rodzinne\/\">Prawo rodzinne i prawo spadkowe<\/a><\/h3><\/div><\/div>\t\t<\/div>\n\t\t\t\t<\/div>\n\t\t\t\t\t<\/div>\n\t\t<\/div>\n\t\t\t\t<div class=\"elementor-column elementor-col-33 elementor-top-column elementor-element elementor-element-3db0ebf\" data-id=\"3db0ebf\" data-element_type=\"column\">\n\t\t\t<div class=\"elementor-widget-wrap elementor-element-populated\">\n\t\t\t\t\t\t\t\t<div class=\"elementor-element elementor-element-19c5096 elementor-position-top elementor-vertical-align-top elementor-widget elementor-widget-image-box\" data-id=\"19c5096\" data-element_type=\"widget\" data-widget_type=\"image-box.default\">\n\t\t\t\t<div class=\"elementor-widget-container\">\n\t\t\t<div class=\"elementor-image-box-wrapper\"><figure class=\"elementor-image-box-img\"><a href=\"https:\/\/kanzlei-ak.de\/pl\/prawo-cywilne\/\"><img decoding=\"async\" width=\"789\" height=\"500\" src=\"https:\/\/kanzlei-ak.de\/pl\/wp-content\/uploads\/sites\/2\/2022\/12\/37.png\" class=\"elementor-animation-grow attachment-full size-full wp-image-47\" alt=\"polski adwokat Hamburg\" loading=\"lazy\" srcset=\"https:\/\/kanzlei-ak.de\/pl\/wp-content\/uploads\/sites\/2\/2022\/12\/37.png 789w, https:\/\/kanzlei-ak.de\/pl\/wp-content\/uploads\/sites\/2\/2022\/12\/37-300x190.png 300w, https:\/\/kanzlei-ak.de\/pl\/wp-content\/uploads\/sites\/2\/2022\/12\/37-768x487.png 768w\" sizes=\"(max-width: 789px) 100vw, 789px\" \/><\/a><\/figure><div class=\"elementor-image-box-content\"><h3 class=\"elementor-image-box-title\"><a href=\"https:\/\/kanzlei-ak.de\/pl\/prawo-cywilne\/\">Prawo cywilne<\/a><\/h3><\/div><\/div>\t\t<\/div>\n\t\t\t\t<\/div>\n\t\t\t\t\t<\/div>\n\t\t<\/div>\n\t\t\t\t<div class=\"elementor-column elementor-col-33 elementor-top-column elementor-element elementor-element-d70fa7c\" data-id=\"d70fa7c\" data-element_type=\"column\">\n\t\t\t<div class=\"elementor-widget-wrap elementor-element-populated\">\n\t\t\t\t\t\t\t\t<div class=\"elementor-element elementor-element-b5ddc1f elementor-position-top elementor-vertical-align-top elementor-widget elementor-widget-image-box\" data-id=\"b5ddc1f\" data-element_type=\"widget\" data-widget_type=\"image-box.default\">\n\t\t\t\t<div class=\"elementor-widget-container\">\n\t\t\t<div class=\"elementor-image-box-wrapper\"><figure class=\"elementor-image-box-img\"><a href=\"https:\/\/kanzlei-ak.de\/pl\/prawo-pracy\/\"><img decoding=\"async\" width=\"789\" height=\"500\" src=\"https:\/\/kanzlei-ak.de\/pl\/wp-content\/uploads\/sites\/2\/2022\/12\/38.png\" class=\"elementor-animation-grow attachment-full size-full wp-image-48\" alt=\"polski adwokat Hamburg\" loading=\"lazy\" srcset=\"https:\/\/kanzlei-ak.de\/pl\/wp-content\/uploads\/sites\/2\/2022\/12\/38.png 789w, https:\/\/kanzlei-ak.de\/pl\/wp-content\/uploads\/sites\/2\/2022\/12\/38-300x190.png 300w, https:\/\/kanzlei-ak.de\/pl\/wp-content\/uploads\/sites\/2\/2022\/12\/38-768x487.png 768w\" sizes=\"(max-width: 789px) 100vw, 789px\" \/><\/a><\/figure><div class=\"elementor-image-box-content\"><h3 class=\"elementor-image-box-title\"><a href=\"https:\/\/kanzlei-ak.de\/pl\/prawo-pracy\/\">Prawo pracy<\/a><\/h3><\/div><\/div>\t\t<\/div>\n\t\t\t\t<\/div>\n\t\t\t\t\t<\/div>\n\t\t<\/div>\n\t\t\t\t\t\t\t<\/div>\n\t\t<\/section>\n\t\t\t\t<section class=\"elementor-section elementor-top-section elementor-element elementor-element-a2a6ca5 elementor-section-boxed elementor-section-height-default elementor-section-height-default\" data-id=\"a2a6ca5\" data-element_type=\"section\">\n\t\t\t\t\t\t<div class=\"elementor-container elementor-column-gap-default\">\n\t\t\t\t\t<div class=\"elementor-column elementor-col-50 elementor-top-column elementor-element elementor-element-bf70132\" data-id=\"bf70132\" data-element_type=\"column\">\n\t\t\t<div class=\"elementor-widget-wrap elementor-element-populated\">\n\t\t\t\t\t\t\t\t<div class=\"elementor-element elementor-element-440e431 elementor-widget elementor-widget-image\" data-id=\"440e431\" data-element_type=\"widget\" data-widget_type=\"image.default\">\n\t\t\t\t<div class=\"elementor-widget-container\">\n\t\t\t<style>\/*! elementor - v3.9.2 - 21-12-2022 *\/\n.elementor-widget-image{text-align:center}.elementor-widget-image a{display:inline-block}.elementor-widget-image a img[src$=\".svg\"]{width:48px}.elementor-widget-image img{vertical-align:middle;display:inline-block}<\/style>\t\t\t\t\t\t\t\t\t\t\t\t<img decoding=\"async\" width=\"683\" height=\"1024\" src=\"https:\/\/kanzlei-ak.de\/pl\/wp-content\/uploads\/sites\/2\/2022\/12\/Projekt-bez-tytulu-5-683x1024.png\" class=\"attachment-large size-large wp-image-51\" alt=\"polski adwokat Hamburg\" loading=\"lazy\" srcset=\"https:\/\/kanzlei-ak.de\/pl\/wp-content\/uploads\/sites\/2\/2022\/12\/Projekt-bez-tytulu-5-683x1024.png 683w, https:\/\/kanzlei-ak.de\/pl\/wp-content\/uploads\/sites\/2\/2022\/12\/Projekt-bez-tytulu-5-200x300.png 200w, https:\/\/kanzlei-ak.de\/pl\/wp-content\/uploads\/sites\/2\/2022\/12\/Projekt-bez-tytulu-5-768x1152.png 768w, https:\/\/kanzlei-ak.de\/pl\/wp-content\/uploads\/sites\/2\/2022\/12\/Projekt-bez-tytulu-5.png 800w\" sizes=\"(max-width: 683px) 100vw, 683px\" \/>\t\t\t\t\t\t\t\t\t\t\t\t\t\t\t<\/div>\n\t\t\t\t<\/div>\n\t\t\t\t\t<\/div>\n\t\t<\/div>\n\t\t\t\t<div class=\"elementor-column elementor-col-50 elementor-top-column elementor-element elementor-element-fb4e07a\" data-id=\"fb4e07a\" data-element_type=\"column\">\n\t\t\t<div class=\"elementor-widget-wrap elementor-element-populated\">\n\t\t\t\t\t\t\t\t<div class=\"elementor-element elementor-element-d3278d7 elementor-widget elementor-widget-text-editor\" data-id=\"d3278d7\" data-element_type=\"widget\" data-widget_type=\"text-editor.default\">\n\t\t\t\t<div class=\"elementor-widget-container\">\n\t\t\t\t\t\t\t<p class=\"_04xlpA direction-ltr align-start para-style-body\"><span class=\"S1PPyQ\">Adwokat<br \/><\/span><span class=\"S1PPyQ\">Rechtsanw\u00e4ltin Dipl.Jur. Anna Kurasiewicz<\/span><\/p>\t\t\t\t\t\t<\/div>\n\t\t\t\t<\/div>\n\t\t\t\t<div class=\"elementor-element elementor-element-8b11655 elementor-widget elementor-widget-text-editor\" data-id=\"8b11655\" data-element_type=\"widget\" data-widget_type=\"text-editor.default\">\n\t\t\t\t<div class=\"elementor-widget-container\">\n\t\t\t\t\t\t\t<ul type=\"disc\">\n<li class=\"v1MsoNormal\">Adwokat uprawniony do reprezentowania przed wszystkimi s\u0105dami niemieckimi (s\u0105dami rejonowymi, okr\u0119gowymi i apelacyjnymi).<\/li>\n<li class=\"v1MsoNormal\">Prawniczy egzamin pa\u0144stwowy uprawniaj\u0105cy do sprawowania urz\u0119du s\u0119dziego.<\/li>\n<li class=\"v1MsoNormal\">Aplikacja prawnicza w Szlezwiku-Holsztynie i w Hamburgu (sprawy cywilne przed S\u0105dem Okr\u0119gowym; prawo cywilne, prawo rodzinne i prawo pracy w kancelarii adwokackiej w Hamburgu) ze specjalizacj\u0105 w prawie cywilnym.<\/li>\n<li class=\"v1MsoNormal\">Studia prawnicze na Uniwersytecie w Hamburgu.<\/li>\n<li class=\"v1MsoNormal\">Kilkuletnie do\u015bwiadczenie jako t\u0142umacz s\u0105dowy i pisemny j\u0119zyka niemieckiego i polskiego.<\/li>\n<li class=\"v1MsoNormal\"><b>Polski Adwokat w Hamburgu<\/b>.<\/li>\n<\/ul>\t\t\t\t\t\t<\/div>\n\t\t\t\t<\/div>\n\t\t\t\t<div class=\"elementor-element elementor-element-aa1db96 elementor-align-center elementor-widget elementor-widget-button\" data-id=\"aa1db96\" data-element_type=\"widget\" data-widget_type=\"button.default\">\n\t\t\t\t<div class=\"elementor-widget-container\">\n\t\t\t\t\t<div class=\"elementor-button-wrapper\">\n\t\t\t<a href=\"https:\/\/kanzlei-ak.de\/pl\/o-mnie\/\" class=\"elementor-button-link elementor-button elementor-size-sm elementor-animation-grow\" role=\"button\">\n\t\t\t\t\t\t<span class=\"elementor-button-content-wrapper\">\n\t\t\t\t\t\t<span class=\"elementor-button-text\">DOWIEDZ SI\u0118 WI\u0118CEJ<\/span>\n\t\t<\/span>\n\t\t\t\t\t<\/a>\n\t\t<\/div>\n\t\t\t\t<\/div>\n\t\t\t\t<\/div>\n\t\t\t\t\t<\/div>\n\t\t<\/div>\n\t\t\t\t\t\t\t<\/div>\n\t\t<\/section>\n\t\t\t\t<section class=\"elementor-section elementor-top-section elementor-element elementor-element-6b030c4 elementor-section-height-min-height elementor-section-boxed elementor-section-height-default elementor-section-items-middle\" data-id=\"6b030c4\" data-element_type=\"section\" data-settings=\"{&quot;background_background&quot;:&quot;classic&quot;}\">\n\t\t\t\t\t\t<div class=\"elementor-container elementor-column-gap-default\">\n\t\t\t\t\t<div class=\"elementor-column elementor-col-100 elementor-top-column elementor-element elementor-element-c5571ac\" data-id=\"c5571ac\" data-element_type=\"column\">\n\t\t\t<div class=\"elementor-widget-wrap elementor-element-populated\">\n\t\t\t\t\t\t\t\t<div class=\"elementor-element elementor-element-1aa9836 elementor-widget elementor-widget-text-editor\" data-id=\"1aa9836\" data-element_type=\"widget\" data-widget_type=\"text-editor.default\">\n\t\t\t\t<div class=\"elementor-widget-container\">\n\t\t\t\t\t\t\tPotrzebujecie Pa\u0144stwo pomocy prawnej Adwokata<br>polskoj\u0119zycznego na terenie Niemiec?\t\t\t\t\t\t<\/div>\n\t\t\t\t<\/div>\n\t\t\t\t<div class=\"elementor-element elementor-element-78033e7 elementor-widget elementor-widget-text-editor\" data-id=\"78033e7\" data-element_type=\"widget\" data-widget_type=\"text-editor.default\">\n\t\t\t\t<div class=\"elementor-widget-container\">\n\t\t\t\t\t\t\t<p class=\"_04xlpA direction-ltr align-center para-style-body\"><span class=\"S1PPyQ\">Zapraszam do um\u00f3wienia si\u0119 na wst\u0119pn\u0105 konsultacj\u0119, na kt\u00f3rej wsp\u00f3lnie om\u00f3wimy Pa\u0144stwa sytuacj\u0119 <\/span><span class=\"S1PPyQ\">i przedstawimy mo\u017cliwe rozwi\u0105zania.<\/span><\/p>\t\t\t\t\t\t<\/div>\n\t\t\t\t<\/div>\n\t\t\t\t\t<\/div>\n\t\t<\/div>\n\t\t\t\t\t\t\t<\/div>\n\t\t<\/section>\n\t\t\t\t\t\t\t<\/div>\n\t\t","protected":false},"excerpt":{"rendered":"<p>Kancelaria prawna w Hamburgu Pa\u0144stwa adwokat w Niemczech i prawnik Zakres us\u0142ug: Prawo pracy, rodzinne, spadkowe, cywilne&nbsp; &nbsp; &nbsp; &nbsp; &nbsp; Prawo rodzinne i prawo spadkowe Prawo cywilne Prawo pracy AdwokatRechtsanw\u00e4ltin Dipl.Jur. Anna Kurasiewicz Adwokat uprawniony do reprezentowania przed wszystkimi s\u0105dami niemieckimi (s\u0105dami rejonowymi, okr\u0119gowymi i apelacyjnymi). Prawniczy egzamin pa\u0144stwowy uprawniaj\u0105cy do sprawowania urz\u0119du s\u0119dziego. [&hellip;]<\/p>\n","protected":false},"author":1,"featured_media":0,"parent":0,"menu_order":0,"comment_status":"closed","ping_status":"closed","template":"","meta":[],"yoast_head":"<!-- This site is optimized with the Yoast SEO plugin v19.13 - https:\/\/yoast.com\/wordpress\/plugins\/seo\/ -->\n<title>Polski adwokat Hamburg - Kancelaria Anna Kurasiewicz<\/title>\n<meta name=\"description\" content=\"Anna Kurasiewicz - polski adwokat Hamburg. Zajmuje si\u0119 prawem pracy, prawem rodzinnym, spadkowym i prawem cywilnym.\" \/>\n<meta name=\"robots\" content=\"index, follow, max-snippet:-1, max-image-preview:large, max-video-preview:-1\" \/>\n<link rel=\"canonical\" href=\"https:\/\/kanzlei-ak.de\/pl\/\" \/>\n<meta property=\"og:locale\" content=\"pl_PL\" \/>\n<meta property=\"og:type\" content=\"article\" \/>\n<meta property=\"og:title\" content=\"Polski adwokat Hamburg - Kancelaria Anna Kurasiewicz\" \/>\n<meta property=\"og:description\" content=\"Anna Kurasiewicz - polski adwokat Hamburg. Zajmuje si\u0119 prawem pracy, prawem rodzinnym, spadkowym i prawem cywilnym.\" \/>\n<meta property=\"og:url\" content=\"https:\/\/kanzlei-ak.de\/pl\/\" \/>\n<meta property=\"og:site_name\" content=\"Kancelaria Anna Kurasiewicz\" \/>\n<meta property=\"article:modified_time\" content=\"2024-02-11T14:32:18+00:00\" \/>\n<meta property=\"og:image\" content=\"http:\/\/kanzlei-ak.de\/pl\/wp-content\/uploads\/sites\/2\/2022\/12\/36.png\" \/>\n<meta name=\"twitter:card\" content=\"summary_large_image\" \/>\n<meta name=\"twitter:label1\" content=\"Szacowany czas czytania\" \/>\n\t<meta name=\"twitter:data1\" content=\"2 minuty\" \/>\n<script type=\"application\/ld+json\" class=\"yoast-schema-graph\">{\"@context\":\"https:\/\/schema.org\",\"@graph\":[{\"@type\":\"WebPage\",\"@id\":\"https:\/\/kanzlei-ak.de\/pl\/\",\"url\":\"https:\/\/kanzlei-ak.de\/pl\/\",\"name\":\"Polski adwokat Hamburg - Kancelaria Anna Kurasiewicz\",\"isPartOf\":{\"@id\":\"https:\/\/kanzlei-ak.de\/pl\/#website\"},\"datePublished\":\"2022-12-28T21:02:02+00:00\",\"dateModified\":\"2024-02-11T14:32:18+00:00\",\"description\":\"Anna Kurasiewicz - polski adwokat Hamburg. Zajmuje si\u0119 prawem pracy, prawem rodzinnym, spadkowym i prawem cywilnym.\",\"breadcrumb\":{\"@id\":\"https:\/\/kanzlei-ak.de\/pl\/#breadcrumb\"},\"inLanguage\":\"pl-PL\",\"potentialAction\":[{\"@type\":\"ReadAction\",\"target\":[\"https:\/\/kanzlei-ak.de\/pl\/\"]}]},{\"@type\":\"BreadcrumbList\",\"@id\":\"https:\/\/kanzlei-ak.de\/pl\/#breadcrumb\",\"itemListElement\":[{\"@type\":\"ListItem\",\"position\":1,\"name\":\"Strona g\u0142\u00f3wna\",\"item\":\"https:\/\/kanzlei-ak.de\/pl\/\"},{\"@type\":\"ListItem\",\"position\":2,\"name\":\"Polski adwokat Hamburg\"}]},{\"@type\":\"WebSite\",\"@id\":\"https:\/\/kanzlei-ak.de\/pl\/#website\",\"url\":\"https:\/\/kanzlei-ak.de\/pl\/\",\"name\":\"Kancelaria Anna Kurasiewicz\",\"description\":\"Fachowa pomoc prawna jest dla mnie priorytetem\",\"potentialAction\":[{\"@type\":\"SearchAction\",\"target\":{\"@type\":\"EntryPoint\",\"urlTemplate\":\"https:\/\/kanzlei-ak.de\/pl\/?s={search_term_string}\"},\"query-input\":\"required name=search_term_string\"}],\"inLanguage\":\"pl-PL\"}]}<\/script>\n<!-- \/ Yoast SEO plugin. -->","yoast_head_json":{"title":"Polski adwokat Hamburg - Kancelaria Anna Kurasiewicz","description":"Anna Kurasiewicz - polski adwokat Hamburg. Zajmuje si\u0119 prawem pracy, prawem rodzinnym, spadkowym i prawem cywilnym.","robots":{"index":"index","follow":"follow","max-snippet":"max-snippet:-1","max-image-preview":"max-image-preview:large","max-video-preview":"max-video-preview:-1"},"canonical":"https:\/\/kanzlei-ak.de\/pl\/","og_locale":"pl_PL","og_type":"article","og_title":"Polski adwokat Hamburg - Kancelaria Anna Kurasiewicz","og_description":"Anna Kurasiewicz - polski adwokat Hamburg. Zajmuje si\u0119 prawem pracy, prawem rodzinnym, spadkowym i prawem cywilnym.","og_url":"https:\/\/kanzlei-ak.de\/pl\/","og_site_name":"Kancelaria Anna Kurasiewicz","article_modified_time":"2024-02-11T14:32:18+00:00","og_image":[{"url":"http:\/\/kanzlei-ak.de\/pl\/wp-content\/uploads\/sites\/2\/2022\/12\/36.png"}],"twitter_card":"summary_large_image","twitter_misc":{"Szacowany czas czytania":"2 minuty"},"schema":{"@context":"https:\/\/schema.org","@graph":[{"@type":"WebPage","@id":"https:\/\/kanzlei-ak.de\/pl\/","url":"https:\/\/kanzlei-ak.de\/pl\/","name":"Polski adwokat Hamburg - Kancelaria Anna Kurasiewicz","isPartOf":{"@id":"https:\/\/kanzlei-ak.de\/pl\/#website"},"datePublished":"2022-12-28T21:02:02+00:00","dateModified":"2024-02-11T14:32:18+00:00","description":"Anna Kurasiewicz - polski adwokat Hamburg. Zajmuje si\u0119 prawem pracy, prawem rodzinnym, spadkowym i prawem cywilnym.","breadcrumb":{"@id":"https:\/\/kanzlei-ak.de\/pl\/#breadcrumb"},"inLanguage":"pl-PL","potentialAction":[{"@type":"ReadAction","target":["https:\/\/kanzlei-ak.de\/pl\/"]}]},{"@type":"BreadcrumbList","@id":"https:\/\/kanzlei-ak.de\/pl\/#breadcrumb","itemListElement":[{"@type":"ListItem","position":1,"name":"Strona g\u0142\u00f3wna","item":"https:\/\/kanzlei-ak.de\/pl\/"},{"@type":"ListItem","position":2,"name":"Polski adwokat Hamburg"}]},{"@type":"WebSite","@id":"https:\/\/kanzlei-ak.de\/pl\/#website","url":"https:\/\/kanzlei-ak.de\/pl\/","name":"Kancelaria Anna Kurasiewicz","description":"Fachowa pomoc prawna jest dla mnie priorytetem","potentialAction":[{"@type":"SearchAction","target":{"@type":"EntryPoint","urlTemplate":"https:\/\/kanzlei-ak.de\/pl\/?s={search_term_string}"},"query-input":"required name=search_term_string"}],"inLanguage":"pl-PL"}]}},"_links":{"self":[{"href":"https:\/\/kanzlei-ak.de\/pl\/wp-json\/wp\/v2\/pages\/2"}],"collection":[{"href":"https:\/\/kanzlei-ak.de\/pl\/wp-json\/wp\/v2\/pages"}],"about":[{"href":"https:\/\/kanzlei-ak.de\/pl\/wp-json\/wp\/v2\/types\/page"}],"author":[{"embeddable":true,"href":"https:\/\/kanzlei-ak.de\/pl\/wp-json\/wp\/v2\/users\/1"}],"replies":[{"embeddable":true,"href":"https:\/\/kanzlei-ak.de\/pl\/wp-json\/wp\/v2\/comments?post=2"}],"version-history":[{"count":213,"href":"https:\/\/kanzlei-ak.de\/pl\/wp-json\/wp\/v2\/pages\/2\/revisions"}],"predecessor-version":[{"id":482,"href":"https:\/\/kanzlei-ak.de\/pl\/wp-json\/wp\/v2\/pages\/2\/revisions\/482"}],"wp:attachment":[{"href":"https:\/\/kanzlei-ak.de\/pl\/wp-json\/wp\/v2\/media?parent=2"}],"curies":[{"name":"wp","href":"https:\/\/api.w.org\/{rel}","templated":true}]}}