{"id":18,"date":"2022-12-29T18:02:04","date_gmt":"2022-12-29T17:02:04","guid":{"rendered":"https:\/\/kanzlei-ak.de\/pl\/?page_id=18"},"modified":"2023-10-20T22:13:15","modified_gmt":"2023-10-20T20:13:15","slug":"o-mnie","status":"publish","type":"page","link":"https:\/\/kanzlei-ak.de\/pl\/o-mnie\/","title":{"rendered":"O MNIE"},"content":{"rendered":"\t\t<div data-elementor-type=\"wp-page\" data-elementor-id=\"18\" class=\"elementor elementor-18\">\n\t\t\t\t\t\t\t\t\t<section class=\"elementor-section elementor-top-section elementor-element elementor-element-4cf890d elementor-section-boxed elementor-section-height-default elementor-section-height-default\" data-id=\"4cf890d\" data-element_type=\"section\" data-settings=\"{&quot;background_background&quot;:&quot;classic&quot;}\">\n\t\t\t\t\t\t<div class=\"elementor-container elementor-column-gap-default\">\n\t\t\t\t\t<div class=\"elementor-column elementor-col-100 elementor-top-column elementor-element elementor-element-3d1f52a\" data-id=\"3d1f52a\" data-element_type=\"column\">\n\t\t\t<div class=\"elementor-widget-wrap elementor-element-populated\">\n\t\t\t\t\t\t\t\t<div class=\"elementor-element elementor-element-3b38169 elementor-widget elementor-widget-text-editor\" data-id=\"3b38169\" data-element_type=\"widget\" data-widget_type=\"text-editor.default\">\n\t\t\t\t<div class=\"elementor-widget-container\">\n\t\t\t<style>\/*! elementor - v3.9.2 - 21-12-2022 *\/\n.elementor-widget-text-editor.elementor-drop-cap-view-stacked .elementor-drop-cap{background-color:#818a91;color:#fff}.elementor-widget-text-editor.elementor-drop-cap-view-framed .elementor-drop-cap{color:#818a91;border:3px solid;background-color:transparent}.elementor-widget-text-editor:not(.elementor-drop-cap-view-default) .elementor-drop-cap{margin-top:8px}.elementor-widget-text-editor:not(.elementor-drop-cap-view-default) .elementor-drop-cap-letter{width:1em;height:1em}.elementor-widget-text-editor .elementor-drop-cap{float:left;text-align:center;line-height:1;font-size:50px}.elementor-widget-text-editor .elementor-drop-cap-letter{display:inline-block}<\/style>\t\t\t\t<p>O MNIE<\/p>\t\t\t\t\t\t<\/div>\n\t\t\t\t<\/div>\n\t\t\t\t\t<\/div>\n\t\t<\/div>\n\t\t\t\t\t\t\t<\/div>\n\t\t<\/section>\n\t\t\t\t<section class=\"elementor-section elementor-top-section elementor-element elementor-element-715870a elementor-section-boxed elementor-section-height-default elementor-section-height-default\" data-id=\"715870a\" data-element_type=\"section\">\n\t\t\t\t\t\t<div class=\"elementor-container elementor-column-gap-default\">\n\t\t\t\t\t<div class=\"elementor-column elementor-col-50 elementor-top-column elementor-element elementor-element-c19685e\" data-id=\"c19685e\" data-element_type=\"column\">\n\t\t\t<div class=\"elementor-widget-wrap elementor-element-populated\">\n\t\t\t\t\t\t\t\t<div class=\"elementor-element elementor-element-04379eb elementor-widget elementor-widget-text-editor\" data-id=\"04379eb\" data-element_type=\"widget\" data-widget_type=\"text-editor.default\">\n\t\t\t\t<div class=\"elementor-widget-container\">\n\t\t\t\t\t\t\t<p>Adwokat Anna Kurasiewicz<\/p>\t\t\t\t\t\t<\/div>\n\t\t\t\t<\/div>\n\t\t\t\t<div class=\"elementor-element elementor-element-b6081c1 elementor-widget elementor-widget-text-editor\" data-id=\"b6081c1\" data-element_type=\"widget\" data-widget_type=\"text-editor.default\">\n\t\t\t\t<div class=\"elementor-widget-container\">\n\t\t\t\t\t\t\t<p>Jestem adwokatem, kt\u00f3ry codziennie d\u0105\u017cy do tego, aby \u015bwiadczone us\u0142ugi odbywa\u0142y si\u0119 na jak najwy\u017cszym poziomie. Prowadzona przeze mnie Kancelaria ma swoj\u0105 siedzib\u0119 w Hamburgu, sk\u0105d udzielam fachowej pomocy prawnej na terenie ca\u0142ych Niemiec.<\/p><p>Do\u015bwiadczenie zawodowe zacz\u0119\u0142am zdobywa\u0107 jeszcze w trakcie studi\u00f3w &#8211; poprzez prac\u0119 i praktyki w kancelarii adwokackiej w Hamburgu u boku do\u015bwiadczonych adwokat\u00f3w. P\u00f3\u017aniej, w trakcie aplikacji, pracowa\u0142am w s\u0105dach i kancelariach adwokackich. Wyst\u0119powa\u0142am tak\u017ce jako t\u0142umacz polsko-niemiecki &#8211; g\u0142\u00f3wnie przed s\u0105dami w Niemczech.<\/p><p>Wykszta\u0142cenie prawnicze zdoby\u0142am na Uniwersytecie w Hamburgu. Z kolei aplikacj\u0119, kt\u00f3ra da\u0142a mi mo\u017cliwo\u015b\u0107 nabycia uprawnie\u0144 adwokackich, uko\u0144czy\u0142am w Hamburgu i Schleswig-Holstein.<\/p>\t\t\t\t\t\t<\/div>\n\t\t\t\t<\/div>\n\t\t\t\t\t<\/div>\n\t\t<\/div>\n\t\t\t\t<div class=\"elementor-column elementor-col-50 elementor-top-column elementor-element elementor-element-6a22f0c\" data-id=\"6a22f0c\" data-element_type=\"column\">\n\t\t\t<div class=\"elementor-widget-wrap elementor-element-populated\">\n\t\t\t\t\t\t\t\t<div class=\"elementor-element elementor-element-cfaf93e elementor-widget elementor-widget-image\" data-id=\"cfaf93e\" data-element_type=\"widget\" data-widget_type=\"image.default\">\n\t\t\t\t<div class=\"elementor-widget-container\">\n\t\t\t<style>\/*! elementor - v3.9.2 - 21-12-2022 *\/\n.elementor-widget-image{text-align:center}.elementor-widget-image a{display:inline-block}.elementor-widget-image a img[src$=\".svg\"]{width:48px}.elementor-widget-image img{vertical-align:middle;display:inline-block}<\/style>\t\t\t\t\t\t\t\t\t\t\t\t<img decoding=\"async\" width=\"1536\" height=\"1024\" src=\"https:\/\/kanzlei-ak.de\/pl\/wp-content\/uploads\/sites\/2\/2023\/10\/F2-1536x1024.jpg\" class=\"attachment-1536x1536 size-1536x1536 wp-image-436\" alt=\"\" loading=\"lazy\" srcset=\"https:\/\/kanzlei-ak.de\/pl\/wp-content\/uploads\/sites\/2\/2023\/10\/F2-1536x1024.jpg 1536w, https:\/\/kanzlei-ak.de\/pl\/wp-content\/uploads\/sites\/2\/2023\/10\/F2-300x200.jpg 300w, https:\/\/kanzlei-ak.de\/pl\/wp-content\/uploads\/sites\/2\/2023\/10\/F2-1024x683.jpg 1024w, https:\/\/kanzlei-ak.de\/pl\/wp-content\/uploads\/sites\/2\/2023\/10\/F2-768x512.jpg 768w, https:\/\/kanzlei-ak.de\/pl\/wp-content\/uploads\/sites\/2\/2023\/10\/F2.jpg 1575w\" sizes=\"(max-width: 1536px) 100vw, 1536px\" \/>\t\t\t\t\t\t\t\t\t\t\t\t\t\t\t<\/div>\n\t\t\t\t<\/div>\n\t\t\t\t\t<\/div>\n\t\t<\/div>\n\t\t\t\t\t\t\t<\/div>\n\t\t<\/section>\n\t\t\t\t\t\t\t<\/div>\n\t\t","protected":false},"excerpt":{"rendered":"<p>O MNIE Adwokat Anna Kurasiewicz Jestem adwokatem, kt\u00f3ry codziennie d\u0105\u017cy do tego, aby \u015bwiadczone us\u0142ugi odbywa\u0142y si\u0119 na jak najwy\u017cszym poziomie. Prowadzona przeze mnie Kancelaria ma swoj\u0105 siedzib\u0119 w Hamburgu, sk\u0105d udzielam fachowej pomocy prawnej na terenie ca\u0142ych Niemiec. Do\u015bwiadczenie zawodowe zacz\u0119\u0142am zdobywa\u0107 jeszcze w trakcie studi\u00f3w &#8211; poprzez prac\u0119 i praktyki w kancelarii adwokackiej [&hellip;]<\/p>\n","protected":false},"author":1,"featured_media":0,"parent":0,"menu_order":0,"comment_status":"closed","ping_status":"closed","template":"","meta":[],"yoast_head":"<!-- This site is optimized with the Yoast SEO plugin v19.13 - https:\/\/yoast.com\/wordpress\/plugins\/seo\/ -->\n<title>O MNIE - Kancelaria Anna Kurasiewicz<\/title>\n<meta name=\"robots\" content=\"index, follow, max-snippet:-1, max-image-preview:large, max-video-preview:-1\" \/>\n<link rel=\"canonical\" href=\"https:\/\/kanzlei-ak.de\/pl\/o-mnie\/\" \/>\n<meta property=\"og:locale\" content=\"pl_PL\" \/>\n<meta property=\"og:type\" content=\"article\" \/>\n<meta property=\"og:title\" content=\"O MNIE - Kancelaria Anna Kurasiewicz\" \/>\n<meta property=\"og:description\" content=\"O MNIE Adwokat Anna Kurasiewicz Jestem adwokatem, kt\u00f3ry codziennie d\u0105\u017cy do tego, aby \u015bwiadczone us\u0142ugi odbywa\u0142y si\u0119 na jak najwy\u017cszym poziomie. Prowadzona przeze mnie Kancelaria ma swoj\u0105 siedzib\u0119 w Hamburgu, sk\u0105d udzielam fachowej pomocy prawnej na terenie ca\u0142ych Niemiec. Do\u015bwiadczenie zawodowe zacz\u0119\u0142am zdobywa\u0107 jeszcze w trakcie studi\u00f3w &#8211; poprzez prac\u0119 i praktyki w kancelarii adwokackiej [&hellip;]\" \/>\n<meta property=\"og:url\" content=\"https:\/\/kanzlei-ak.de\/pl\/o-mnie\/\" \/>\n<meta property=\"og:site_name\" content=\"Kancelaria Anna Kurasiewicz\" \/>\n<meta property=\"article:modified_time\" content=\"2023-10-20T20:13:15+00:00\" \/>\n<meta property=\"og:image\" content=\"http:\/\/kanzlei-ak.de\/pl\/wp-content\/uploads\/sites\/2\/2023\/10\/F2-1536x1024.jpg\" \/>\n<meta name=\"twitter:card\" content=\"summary_large_image\" \/>\n<meta name=\"twitter:label1\" content=\"Szacowany czas czytania\" \/>\n\t<meta name=\"twitter:data1\" content=\"1 minuta\" \/>\n<script type=\"application\/ld+json\" class=\"yoast-schema-graph\">{\"@context\":\"https:\/\/schema.org\",\"@graph\":[{\"@type\":\"WebPage\",\"@id\":\"https:\/\/kanzlei-ak.de\/pl\/o-mnie\/\",\"url\":\"https:\/\/kanzlei-ak.de\/pl\/o-mnie\/\",\"name\":\"O MNIE - Kancelaria Anna Kurasiewicz\",\"isPartOf\":{\"@id\":\"https:\/\/kanzlei-ak.de\/pl\/#website\"},\"datePublished\":\"2022-12-29T17:02:04+00:00\",\"dateModified\":\"2023-10-20T20:13:15+00:00\",\"breadcrumb\":{\"@id\":\"https:\/\/kanzlei-ak.de\/pl\/o-mnie\/#breadcrumb\"},\"inLanguage\":\"pl-PL\",\"potentialAction\":[{\"@type\":\"ReadAction\",\"target\":[\"https:\/\/kanzlei-ak.de\/pl\/o-mnie\/\"]}]},{\"@type\":\"BreadcrumbList\",\"@id\":\"https:\/\/kanzlei-ak.de\/pl\/o-mnie\/#breadcrumb\",\"itemListElement\":[{\"@type\":\"ListItem\",\"position\":1,\"name\":\"Strona g\u0142\u00f3wna\",\"item\":\"https:\/\/kanzlei-ak.de\/pl\/\"},{\"@type\":\"ListItem\",\"position\":2,\"name\":\"O MNIE\"}]},{\"@type\":\"WebSite\",\"@id\":\"https:\/\/kanzlei-ak.de\/pl\/#website\",\"url\":\"https:\/\/kanzlei-ak.de\/pl\/\",\"name\":\"Kancelaria Anna Kurasiewicz\",\"description\":\"Fachowa pomoc prawna jest dla mnie priorytetem\",\"potentialAction\":[{\"@type\":\"SearchAction\",\"target\":{\"@type\":\"EntryPoint\",\"urlTemplate\":\"https:\/\/kanzlei-ak.de\/pl\/?s={search_term_string}\"},\"query-input\":\"required name=search_term_string\"}],\"inLanguage\":\"pl-PL\"}]}<\/script>\n<!-- \/ Yoast SEO plugin. -->","yoast_head_json":{"title":"O MNIE - Kancelaria Anna Kurasiewicz","robots":{"index":"index","follow":"follow","max-snippet":"max-snippet:-1","max-image-preview":"max-image-preview:large","max-video-preview":"max-video-preview:-1"},"canonical":"https:\/\/kanzlei-ak.de\/pl\/o-mnie\/","og_locale":"pl_PL","og_type":"article","og_title":"O MNIE - Kancelaria Anna Kurasiewicz","og_description":"O MNIE Adwokat Anna Kurasiewicz Jestem adwokatem, kt\u00f3ry codziennie d\u0105\u017cy do tego, aby \u015bwiadczone us\u0142ugi odbywa\u0142y si\u0119 na jak najwy\u017cszym poziomie. Prowadzona przeze mnie Kancelaria ma swoj\u0105 siedzib\u0119 w Hamburgu, sk\u0105d udzielam fachowej pomocy prawnej na terenie ca\u0142ych Niemiec. Do\u015bwiadczenie zawodowe zacz\u0119\u0142am zdobywa\u0107 jeszcze w trakcie studi\u00f3w &#8211; poprzez prac\u0119 i praktyki w kancelarii adwokackiej [&hellip;]","og_url":"https:\/\/kanzlei-ak.de\/pl\/o-mnie\/","og_site_name":"Kancelaria Anna Kurasiewicz","article_modified_time":"2023-10-20T20:13:15+00:00","og_image":[{"url":"http:\/\/kanzlei-ak.de\/pl\/wp-content\/uploads\/sites\/2\/2023\/10\/F2-1536x1024.jpg"}],"twitter_card":"summary_large_image","twitter_misc":{"Szacowany czas czytania":"1 minuta"},"schema":{"@context":"https:\/\/schema.org","@graph":[{"@type":"WebPage","@id":"https:\/\/kanzlei-ak.de\/pl\/o-mnie\/","url":"https:\/\/kanzlei-ak.de\/pl\/o-mnie\/","name":"O MNIE - Kancelaria Anna Kurasiewicz","isPartOf":{"@id":"https:\/\/kanzlei-ak.de\/pl\/#website"},"datePublished":"2022-12-29T17:02:04+00:00","dateModified":"2023-10-20T20:13:15+00:00","breadcrumb":{"@id":"https:\/\/kanzlei-ak.de\/pl\/o-mnie\/#breadcrumb"},"inLanguage":"pl-PL","potentialAction":[{"@type":"ReadAction","target":["https:\/\/kanzlei-ak.de\/pl\/o-mnie\/"]}]},{"@type":"BreadcrumbList","@id":"https:\/\/kanzlei-ak.de\/pl\/o-mnie\/#breadcrumb","itemListElement":[{"@type":"ListItem","position":1,"name":"Strona g\u0142\u00f3wna","item":"https:\/\/kanzlei-ak.de\/pl\/"},{"@type":"ListItem","position":2,"name":"O MNIE"}]},{"@type":"WebSite","@id":"https:\/\/kanzlei-ak.de\/pl\/#website","url":"https:\/\/kanzlei-ak.de\/pl\/","name":"Kancelaria Anna Kurasiewicz","description":"Fachowa pomoc prawna jest dla mnie priorytetem","potentialAction":[{"@type":"SearchAction","target":{"@type":"EntryPoint","urlTemplate":"https:\/\/kanzlei-ak.de\/pl\/?s={search_term_string}"},"query-input":"required name=search_term_string"}],"inLanguage":"pl-PL"}]}},"_links":{"self":[{"href":"https:\/\/kanzlei-ak.de\/pl\/wp-json\/wp\/v2\/pages\/18"}],"collection":[{"href":"https:\/\/kanzlei-ak.de\/pl\/wp-json\/wp\/v2\/pages"}],"about":[{"href":"https:\/\/kanzlei-ak.de\/pl\/wp-json\/wp\/v2\/types\/page"}],"author":[{"embeddable":true,"href":"https:\/\/kanzlei-ak.de\/pl\/wp-json\/wp\/v2\/users\/1"}],"replies":[{"embeddable":true,"href":"https:\/\/kanzlei-ak.de\/pl\/wp-json\/wp\/v2\/comments?post=18"}],"version-history":[{"count":28,"href":"https:\/\/kanzlei-ak.de\/pl\/wp-json\/wp\/v2\/pages\/18\/revisions"}],"predecessor-version":[{"id":439,"href":"https:\/\/kanzlei-ak.de\/pl\/wp-json\/wp\/v2\/pages\/18\/revisions\/439"}],"wp:attachment":[{"href":"https:\/\/kanzlei-ak.de\/pl\/wp-json\/wp\/v2\/media?parent=18"}],"curies":[{"name":"wp","href":"https:\/\/api.w.org\/{rel}","templated":true}]}}