{"id":123,"date":"2022-12-29T19:28:36","date_gmt":"2022-12-29T18:28:36","guid":{"rendered":"https:\/\/kanzlei-ak.de\/pl\/?page_id=123"},"modified":"2022-12-30T08:52:09","modified_gmt":"2022-12-30T07:52:09","slug":"prawo-pracy","status":"publish","type":"page","link":"https:\/\/kanzlei-ak.de\/pl\/prawo-pracy\/","title":{"rendered":"Prawo pracy"},"content":{"rendered":"\t\t<div data-elementor-type=\"wp-page\" data-elementor-id=\"123\" class=\"elementor elementor-123\">\n\t\t\t\t\t\t\t\t\t<section class=\"elementor-section elementor-top-section elementor-element elementor-element-b3832f9 elementor-section-boxed elementor-section-height-default elementor-section-height-default\" data-id=\"b3832f9\" data-element_type=\"section\" data-settings=\"{&quot;background_background&quot;:&quot;classic&quot;}\">\n\t\t\t\t\t\t<div class=\"elementor-container elementor-column-gap-default\">\n\t\t\t\t\t<div class=\"elementor-column elementor-col-100 elementor-top-column elementor-element elementor-element-762a49c\" data-id=\"762a49c\" data-element_type=\"column\">\n\t\t\t<div class=\"elementor-widget-wrap elementor-element-populated\">\n\t\t\t\t\t\t\t\t<div class=\"elementor-element elementor-element-a070dcc elementor-widget elementor-widget-text-editor\" data-id=\"a070dcc\" data-element_type=\"widget\" data-widget_type=\"text-editor.default\">\n\t\t\t\t<div class=\"elementor-widget-container\">\n\t\t\t<style>\/*! elementor - v3.9.2 - 21-12-2022 *\/\n.elementor-widget-text-editor.elementor-drop-cap-view-stacked .elementor-drop-cap{background-color:#818a91;color:#fff}.elementor-widget-text-editor.elementor-drop-cap-view-framed .elementor-drop-cap{color:#818a91;border:3px solid;background-color:transparent}.elementor-widget-text-editor:not(.elementor-drop-cap-view-default) .elementor-drop-cap{margin-top:8px}.elementor-widget-text-editor:not(.elementor-drop-cap-view-default) .elementor-drop-cap-letter{width:1em;height:1em}.elementor-widget-text-editor .elementor-drop-cap{float:left;text-align:center;line-height:1;font-size:50px}.elementor-widget-text-editor .elementor-drop-cap-letter{display:inline-block}<\/style>\t\t\t\t<p>PRAWO PRACY<\/p>\t\t\t\t\t\t<\/div>\n\t\t\t\t<\/div>\n\t\t\t\t\t<\/div>\n\t\t<\/div>\n\t\t\t\t\t\t\t<\/div>\n\t\t<\/section>\n\t\t\t\t<section class=\"elementor-section elementor-top-section elementor-element elementor-element-11bfafb elementor-section-boxed elementor-section-height-default elementor-section-height-default\" data-id=\"11bfafb\" data-element_type=\"section\">\n\t\t\t\t\t\t<div class=\"elementor-container elementor-column-gap-default\">\n\t\t\t\t\t<div class=\"elementor-column elementor-col-100 elementor-top-column elementor-element elementor-element-fc15370\" data-id=\"fc15370\" data-element_type=\"column\">\n\t\t\t<div class=\"elementor-widget-wrap elementor-element-populated\">\n\t\t\t\t\t\t\t\t<div class=\"elementor-element elementor-element-c015d74 elementor-widget elementor-widget-text-editor\" data-id=\"c015d74\" data-element_type=\"widget\" data-widget_type=\"text-editor.default\">\n\t\t\t\t<div class=\"elementor-widget-container\">\n\t\t\t\t\t\t\t<p><span style=\"font-weight: 400;\">W ramach specjalizacji z zakresu prawa pracy udzielam dora\u017anych porad prawnych, sporz\u0105dzam indywidualne pisma procesowe, prowadz\u0119 post\u0119powania przed niemieckimi s\u0105dami i instytucjami oraz &#8211; w razie konieczno\u015bci &#8211; bior\u0119 udzia\u0142 w negocjacjach, reprezentuj\u0105c interesy Klient\u00f3w na najwy\u017cszym poziomie. Mog\u0105 oni liczy\u0107 na moje pe\u0142ne zaanga\u017cowanie.\u00a0<\/span><\/p>\t\t\t\t\t\t<\/div>\n\t\t\t\t<\/div>\n\t\t\t\t<div class=\"elementor-element elementor-element-7db9ef2 elementor-widget elementor-widget-text-editor\" data-id=\"7db9ef2\" data-element_type=\"widget\" data-widget_type=\"text-editor.default\">\n\t\t\t\t<div class=\"elementor-widget-container\">\n\t\t\t\t\t\t\t<p><span style=\"font-weight: 400;\">Specjalizuj\u0119 si\u0119 przede wszystkim w:<\/span><\/p>\t\t\t\t\t\t<\/div>\n\t\t\t\t<\/div>\n\t\t\t\t<div class=\"elementor-element elementor-element-a559998 elementor-icon-list--layout-traditional elementor-list-item-link-full_width elementor-widget elementor-widget-icon-list\" data-id=\"a559998\" data-element_type=\"widget\" data-widget_type=\"icon-list.default\">\n\t\t\t\t<div class=\"elementor-widget-container\">\n\t\t\t<link rel=\"stylesheet\" href=\"https:\/\/kanzlei-ak.de\/pl\/wp-content\/plugins\/elementor\/assets\/css\/widget-icon-list.min.css\">\t\t<ul class=\"elementor-icon-list-items\">\n\t\t\t\t\t\t\t<li class=\"elementor-icon-list-item\">\n\t\t\t\t\t\t\t\t\t\t\t<span class=\"elementor-icon-list-icon\">\n\t\t\t\t\t\t\t<i aria-hidden=\"true\" class=\"fas fa-check\"><\/i>\t\t\t\t\t\t<\/span>\n\t\t\t\t\t\t\t\t\t\t<span class=\"elementor-icon-list-text\">prowadzeniu spraw dotycz\u0105cych roszcze\u0144 o wyp\u0142acenie wynagrodzenia lub\/i odprawy, wydanie \u015bwiadectwa pracy, ustalenie istnienia stosunku pracy, przywr\u00f3cenie do pracy czy wyp\u0142acenie \u015bwiadcze\u0144 urlopowych, <\/span>\n\t\t\t\t\t\t\t\t\t<\/li>\n\t\t\t\t\t\t\t\t<li class=\"elementor-icon-list-item\">\n\t\t\t\t\t\t\t\t\t\t\t<span class=\"elementor-icon-list-icon\">\n\t\t\t\t\t\t\t<i aria-hidden=\"true\" class=\"fas fa-check\"><\/i>\t\t\t\t\t\t<\/span>\n\t\t\t\t\t\t\t\t\t\t<span class=\"elementor-icon-list-text\">udzielaniu porad prawnych dotycz\u0105cych praw i obowi\u0105zk\u00f3w pracodawcy oraz pracownika,<\/span>\n\t\t\t\t\t\t\t\t\t<\/li>\n\t\t\t\t\t\t\t\t<li class=\"elementor-icon-list-item\">\n\t\t\t\t\t\t\t\t\t\t\t<span class=\"elementor-icon-list-icon\">\n\t\t\t\t\t\t\t<i aria-hidden=\"true\" class=\"fas fa-check\"><\/i>\t\t\t\t\t\t<\/span>\n\t\t\t\t\t\t\t\t\t\t<span class=\"elementor-icon-list-text\">sporz\u0105dzaniu i opiniowaniu um\u00f3w o prac\u0119, <\/span>\n\t\t\t\t\t\t\t\t\t<\/li>\n\t\t\t\t\t\t\t\t<li class=\"elementor-icon-list-item\">\n\t\t\t\t\t\t\t\t\t\t\t<span class=\"elementor-icon-list-icon\">\n\t\t\t\t\t\t\t<i aria-hidden=\"true\" class=\"fas fa-check\"><\/i>\t\t\t\t\t\t<\/span>\n\t\t\t\t\t\t\t\t\t\t<span class=\"elementor-icon-list-text\">doradztwie w sprawie fikcyjnego samozatrudnienia, \u201epracy na czarno\u201c, <\/span>\n\t\t\t\t\t\t\t\t\t<\/li>\n\t\t\t\t\t\t\t\t<li class=\"elementor-icon-list-item\">\n\t\t\t\t\t\t\t\t\t\t\t<span class=\"elementor-icon-list-icon\">\n\t\t\t\t\t\t\t<i aria-hidden=\"true\" class=\"fas fa-check\"><\/i>\t\t\t\t\t\t<\/span>\n\t\t\t\t\t\t\t\t\t\t<span class=\"elementor-icon-list-text\">naruszeniach niemieckiej ustawy o wynagrodzeniu minimalnym.<\/span>\n\t\t\t\t\t\t\t\t\t<\/li>\n\t\t\t\t\t\t<\/ul>\n\t\t\t\t<\/div>\n\t\t\t\t<\/div>\n\t\t\t\t\t<\/div>\n\t\t<\/div>\n\t\t\t\t\t\t\t<\/div>\n\t\t<\/section>\n\t\t\t\t\t\t\t<\/div>\n\t\t","protected":false},"excerpt":{"rendered":"<p>PRAWO PRACY W ramach specjalizacji z zakresu prawa pracy udzielam dora\u017anych porad prawnych, sporz\u0105dzam indywidualne pisma procesowe, prowadz\u0119 post\u0119powania przed niemieckimi s\u0105dami i instytucjami oraz &#8211; w razie konieczno\u015bci &#8211; bior\u0119 udzia\u0142 w negocjacjach, reprezentuj\u0105c interesy Klient\u00f3w na najwy\u017cszym poziomie. Mog\u0105 oni liczy\u0107 na moje pe\u0142ne zaanga\u017cowanie.\u00a0 Specjalizuj\u0119 si\u0119 przede wszystkim w: prowadzeniu spraw dotycz\u0105cych [&hellip;]<\/p>\n","protected":false},"author":1,"featured_media":0,"parent":0,"menu_order":0,"comment_status":"closed","ping_status":"closed","template":"","meta":[],"yoast_head":"<!-- This site is optimized with the Yoast SEO plugin v19.13 - https:\/\/yoast.com\/wordpress\/plugins\/seo\/ -->\n<title>Prawo pracy - Kancelaria Anna Kurasiewicz<\/title>\n<meta name=\"robots\" content=\"index, follow, max-snippet:-1, max-image-preview:large, max-video-preview:-1\" \/>\n<link rel=\"canonical\" href=\"https:\/\/kanzlei-ak.de\/pl\/prawo-pracy\/\" \/>\n<meta property=\"og:locale\" content=\"pl_PL\" \/>\n<meta property=\"og:type\" content=\"article\" \/>\n<meta property=\"og:title\" content=\"Prawo pracy - Kancelaria Anna Kurasiewicz\" \/>\n<meta property=\"og:description\" content=\"PRAWO PRACY W ramach specjalizacji z zakresu prawa pracy udzielam dora\u017anych porad prawnych, sporz\u0105dzam indywidualne pisma procesowe, prowadz\u0119 post\u0119powania przed niemieckimi s\u0105dami i instytucjami oraz &#8211; w razie konieczno\u015bci &#8211; bior\u0119 udzia\u0142 w negocjacjach, reprezentuj\u0105c interesy Klient\u00f3w na najwy\u017cszym poziomie. Mog\u0105 oni liczy\u0107 na moje pe\u0142ne zaanga\u017cowanie.\u00a0 Specjalizuj\u0119 si\u0119 przede wszystkim w: prowadzeniu spraw dotycz\u0105cych [&hellip;]\" \/>\n<meta property=\"og:url\" content=\"https:\/\/kanzlei-ak.de\/pl\/prawo-pracy\/\" \/>\n<meta property=\"og:site_name\" content=\"Kancelaria Anna Kurasiewicz\" \/>\n<meta property=\"article:modified_time\" content=\"2022-12-30T07:52:09+00:00\" \/>\n<meta name=\"twitter:card\" content=\"summary_large_image\" \/>\n<meta name=\"twitter:label1\" content=\"Szacowany czas czytania\" \/>\n\t<meta name=\"twitter:data1\" content=\"1 minuta\" \/>\n<script type=\"application\/ld+json\" class=\"yoast-schema-graph\">{\"@context\":\"https:\/\/schema.org\",\"@graph\":[{\"@type\":\"WebPage\",\"@id\":\"https:\/\/kanzlei-ak.de\/pl\/prawo-pracy\/\",\"url\":\"https:\/\/kanzlei-ak.de\/pl\/prawo-pracy\/\",\"name\":\"Prawo pracy - Kancelaria Anna Kurasiewicz\",\"isPartOf\":{\"@id\":\"https:\/\/kanzlei-ak.de\/pl\/#website\"},\"datePublished\":\"2022-12-29T18:28:36+00:00\",\"dateModified\":\"2022-12-30T07:52:09+00:00\",\"breadcrumb\":{\"@id\":\"https:\/\/kanzlei-ak.de\/pl\/prawo-pracy\/#breadcrumb\"},\"inLanguage\":\"pl-PL\",\"potentialAction\":[{\"@type\":\"ReadAction\",\"target\":[\"https:\/\/kanzlei-ak.de\/pl\/prawo-pracy\/\"]}]},{\"@type\":\"BreadcrumbList\",\"@id\":\"https:\/\/kanzlei-ak.de\/pl\/prawo-pracy\/#breadcrumb\",\"itemListElement\":[{\"@type\":\"ListItem\",\"position\":1,\"name\":\"Strona g\u0142\u00f3wna\",\"item\":\"https:\/\/kanzlei-ak.de\/pl\/\"},{\"@type\":\"ListItem\",\"position\":2,\"name\":\"Prawo pracy\"}]},{\"@type\":\"WebSite\",\"@id\":\"https:\/\/kanzlei-ak.de\/pl\/#website\",\"url\":\"https:\/\/kanzlei-ak.de\/pl\/\",\"name\":\"Kancelaria Anna Kurasiewicz\",\"description\":\"Fachowa pomoc prawna jest dla mnie priorytetem\",\"potentialAction\":[{\"@type\":\"SearchAction\",\"target\":{\"@type\":\"EntryPoint\",\"urlTemplate\":\"https:\/\/kanzlei-ak.de\/pl\/?s={search_term_string}\"},\"query-input\":\"required name=search_term_string\"}],\"inLanguage\":\"pl-PL\"}]}<\/script>\n<!-- \/ Yoast SEO plugin. -->","yoast_head_json":{"title":"Prawo pracy - Kancelaria Anna Kurasiewicz","robots":{"index":"index","follow":"follow","max-snippet":"max-snippet:-1","max-image-preview":"max-image-preview:large","max-video-preview":"max-video-preview:-1"},"canonical":"https:\/\/kanzlei-ak.de\/pl\/prawo-pracy\/","og_locale":"pl_PL","og_type":"article","og_title":"Prawo pracy - Kancelaria Anna Kurasiewicz","og_description":"PRAWO PRACY W ramach specjalizacji z zakresu prawa pracy udzielam dora\u017anych porad prawnych, sporz\u0105dzam indywidualne pisma procesowe, prowadz\u0119 post\u0119powania przed niemieckimi s\u0105dami i instytucjami oraz &#8211; w razie konieczno\u015bci &#8211; bior\u0119 udzia\u0142 w negocjacjach, reprezentuj\u0105c interesy Klient\u00f3w na najwy\u017cszym poziomie. Mog\u0105 oni liczy\u0107 na moje pe\u0142ne zaanga\u017cowanie.\u00a0 Specjalizuj\u0119 si\u0119 przede wszystkim w: prowadzeniu spraw dotycz\u0105cych [&hellip;]","og_url":"https:\/\/kanzlei-ak.de\/pl\/prawo-pracy\/","og_site_name":"Kancelaria Anna Kurasiewicz","article_modified_time":"2022-12-30T07:52:09+00:00","twitter_card":"summary_large_image","twitter_misc":{"Szacowany czas czytania":"1 minuta"},"schema":{"@context":"https:\/\/schema.org","@graph":[{"@type":"WebPage","@id":"https:\/\/kanzlei-ak.de\/pl\/prawo-pracy\/","url":"https:\/\/kanzlei-ak.de\/pl\/prawo-pracy\/","name":"Prawo pracy - Kancelaria Anna Kurasiewicz","isPartOf":{"@id":"https:\/\/kanzlei-ak.de\/pl\/#website"},"datePublished":"2022-12-29T18:28:36+00:00","dateModified":"2022-12-30T07:52:09+00:00","breadcrumb":{"@id":"https:\/\/kanzlei-ak.de\/pl\/prawo-pracy\/#breadcrumb"},"inLanguage":"pl-PL","potentialAction":[{"@type":"ReadAction","target":["https:\/\/kanzlei-ak.de\/pl\/prawo-pracy\/"]}]},{"@type":"BreadcrumbList","@id":"https:\/\/kanzlei-ak.de\/pl\/prawo-pracy\/#breadcrumb","itemListElement":[{"@type":"ListItem","position":1,"name":"Strona g\u0142\u00f3wna","item":"https:\/\/kanzlei-ak.de\/pl\/"},{"@type":"ListItem","position":2,"name":"Prawo pracy"}]},{"@type":"WebSite","@id":"https:\/\/kanzlei-ak.de\/pl\/#website","url":"https:\/\/kanzlei-ak.de\/pl\/","name":"Kancelaria Anna Kurasiewicz","description":"Fachowa pomoc prawna jest dla mnie priorytetem","potentialAction":[{"@type":"SearchAction","target":{"@type":"EntryPoint","urlTemplate":"https:\/\/kanzlei-ak.de\/pl\/?s={search_term_string}"},"query-input":"required name=search_term_string"}],"inLanguage":"pl-PL"}]}},"_links":{"self":[{"href":"https:\/\/kanzlei-ak.de\/pl\/wp-json\/wp\/v2\/pages\/123"}],"collection":[{"href":"https:\/\/kanzlei-ak.de\/pl\/wp-json\/wp\/v2\/pages"}],"about":[{"href":"https:\/\/kanzlei-ak.de\/pl\/wp-json\/wp\/v2\/types\/page"}],"author":[{"embeddable":true,"href":"https:\/\/kanzlei-ak.de\/pl\/wp-json\/wp\/v2\/users\/1"}],"replies":[{"embeddable":true,"href":"https:\/\/kanzlei-ak.de\/pl\/wp-json\/wp\/v2\/comments?post=123"}],"version-history":[{"count":13,"href":"https:\/\/kanzlei-ak.de\/pl\/wp-json\/wp\/v2\/pages\/123\/revisions"}],"predecessor-version":[{"id":207,"href":"https:\/\/kanzlei-ak.de\/pl\/wp-json\/wp\/v2\/pages\/123\/revisions\/207"}],"wp:attachment":[{"href":"https:\/\/kanzlei-ak.de\/pl\/wp-json\/wp\/v2\/media?parent=123"}],"curies":[{"name":"wp","href":"https:\/\/api.w.org\/{rel}","templated":true}]}}