{"id":121,"date":"2022-12-29T19:28:23","date_gmt":"2022-12-29T18:28:23","guid":{"rendered":"https:\/\/kanzlei-ak.de\/pl\/?page_id=121"},"modified":"2023-11-07T19:01:23","modified_gmt":"2023-11-07T18:01:23","slug":"prawo-rodzinne","status":"publish","type":"page","link":"https:\/\/kanzlei-ak.de\/pl\/prawo-rodzinne\/","title":{"rendered":"Prawo rodzinne i spadkowe"},"content":{"rendered":"\t\t<div data-elementor-type=\"wp-page\" data-elementor-id=\"121\" class=\"elementor elementor-121\">\n\t\t\t\t\t\t\t\t\t<section class=\"elementor-section elementor-top-section elementor-element elementor-element-098e074 elementor-section-boxed elementor-section-height-default elementor-section-height-default\" data-id=\"098e074\" data-element_type=\"section\" data-settings=\"{&quot;background_background&quot;:&quot;classic&quot;}\">\n\t\t\t\t\t\t<div class=\"elementor-container elementor-column-gap-default\">\n\t\t\t\t\t<div class=\"elementor-column elementor-col-100 elementor-top-column elementor-element elementor-element-a255327\" data-id=\"a255327\" data-element_type=\"column\">\n\t\t\t<div class=\"elementor-widget-wrap elementor-element-populated\">\n\t\t\t\t\t\t\t\t<div class=\"elementor-element elementor-element-749441b elementor-widget elementor-widget-text-editor\" data-id=\"749441b\" data-element_type=\"widget\" data-widget_type=\"text-editor.default\">\n\t\t\t\t<div class=\"elementor-widget-container\">\n\t\t\t<style>\/*! elementor - v3.9.2 - 21-12-2022 *\/\n.elementor-widget-text-editor.elementor-drop-cap-view-stacked .elementor-drop-cap{background-color:#818a91;color:#fff}.elementor-widget-text-editor.elementor-drop-cap-view-framed .elementor-drop-cap{color:#818a91;border:3px solid;background-color:transparent}.elementor-widget-text-editor:not(.elementor-drop-cap-view-default) .elementor-drop-cap{margin-top:8px}.elementor-widget-text-editor:not(.elementor-drop-cap-view-default) .elementor-drop-cap-letter{width:1em;height:1em}.elementor-widget-text-editor .elementor-drop-cap{float:left;text-align:center;line-height:1;font-size:50px}.elementor-widget-text-editor .elementor-drop-cap-letter{display:inline-block}<\/style>\t\t\t\t<p>PRAWO RODZINNE i SPADKOWE<\/p>\t\t\t\t\t\t<\/div>\n\t\t\t\t<\/div>\n\t\t\t\t\t<\/div>\n\t\t<\/div>\n\t\t\t\t\t\t\t<\/div>\n\t\t<\/section>\n\t\t\t\t<section class=\"elementor-section elementor-top-section elementor-element elementor-element-af4d3a0 elementor-section-boxed elementor-section-height-default elementor-section-height-default\" data-id=\"af4d3a0\" data-element_type=\"section\">\n\t\t\t\t\t\t<div class=\"elementor-container elementor-column-gap-default\">\n\t\t\t\t\t<div class=\"elementor-column elementor-col-100 elementor-top-column elementor-element elementor-element-b3797d8\" data-id=\"b3797d8\" data-element_type=\"column\">\n\t\t\t<div class=\"elementor-widget-wrap elementor-element-populated\">\n\t\t\t\t\t\t\t\t<div class=\"elementor-element elementor-element-db3e598 elementor-widget elementor-widget-text-editor\" data-id=\"db3e598\" data-element_type=\"widget\" data-widget_type=\"text-editor.default\">\n\t\t\t\t<div class=\"elementor-widget-container\">\n\t\t\t\t\t\t\t<p><b>Prawo rodzinne<\/b><\/p>\n<p><span style=\"font-weight: 400;\">W dziedzinie prawa rodzinnego oferuj\u0119 kompleksow\u0105 obs\u0142ug\u0119 prawn\u0105 w zakresie prowadzenia spraw rozwodowych,&nbsp;<\/span><span style=\"caret-color: #000000; color: #000000; white-space: pre-wrap;\">o alimenty, <\/span><span style=\"caret-color: #000000; color: #000000; white-space: pre-wrap;\"> podzia\u0142 maj\u0105tku ma\u0142\u017conk\u00f3w,<\/span><span style=\"caret-color: #000000; color: #000000; white-space: pre-wrap;\"> ustalenie ojcostwa, <\/span><span style=\"color: #000000;\"><span style=\"white-space: pre-wrap;\">uregulowanie kontakt\u00f3w z dzieckiem, dotycz\u0105cych wladzy rodzicielskiej.<\/span><\/span><\/p>\t\t\t\t\t\t<\/div>\n\t\t\t\t<\/div>\n\t\t\t\t<div class=\"elementor-element elementor-element-8a4c21c elementor-widget elementor-widget-text-editor\" data-id=\"8a4c21c\" data-element_type=\"widget\" data-widget_type=\"text-editor.default\">\n\t\t\t\t<div class=\"elementor-widget-container\">\n\t\t\t\t\t\t\t<p><b>Prawo spadkowe<\/b><\/p><p><span style=\"color: var( --e-global-color-text ); font-family: var( --e-global-typography-text-font-family ), Sans-serif; font-size: 1rem;\">Moja praca w dziedzinie prawa spadkowego obejmuje doradztwo i reprezentowanie spadkodawc\u00f3w, spadkobierc\u00f3w, wsp\u00f3lnot spadkobierc\u00f3w i wszystkich innych stron zaanga\u017cowanych w dziedziczenie. Nierzadko dziedziczenie powoduje r\u00f3\u017cnego rodzaju spory, kt\u00f3rym mo\u017cna zapobiec, przynajmniej cz\u0119\u015bciowo, dzi\u0119ki prawid\u0142owo i czysto sporz\u0105dzonemu testamentowi. Ch\u0119tnie udziel\u0119 informacji na temat tego, co nale\u017cy wzi\u0105\u0107 pod uwag\u0119 w odniesieniu do podzia\u0142u maj\u0105tku, dziedziczenia, cz\u0119\u015bci obowi\u0105zkowej lub wydziedziczenia.<\/span><\/p><p><span style=\"font-weight: 400;\">Z pe\u0142nym zaanga\u017cowaniem prowadz\u0119 post\u0119powania od pocz\u0105tku do ko\u0144ca. Pomagam zebra\u0107 dokumenty i dowody, kt\u00f3re mo\u017cna wykorzysta\u0107 w post\u0119powaniu przed s\u0105dem lub przed innymi instytucjami. Wszelkie w\u0105tpliwo\u015bci swoich Klient\u00f3w staram si\u0119 rozwiewa\u0107 prostym i zrozumia\u0142ym dla nich j\u0119zykiem. W swojej pracy jestem dociekliwa i zawsze mam na wzgl\u0119dzie interes swojego Klienta. <\/span><\/p><p><span style=\"font-weight: 400;\">\u00a0<\/span><\/p>\t\t\t\t\t\t<\/div>\n\t\t\t\t<\/div>\n\t\t\t\t<div class=\"elementor-element elementor-element-ad3a358 elementor-icon-list--layout-traditional elementor-list-item-link-full_width elementor-widget elementor-widget-icon-list\" data-id=\"ad3a358\" data-element_type=\"widget\" data-widget_type=\"icon-list.default\">\n\t\t\t\t<div class=\"elementor-widget-container\">\n\t\t\t<link rel=\"stylesheet\" href=\"https:\/\/kanzlei-ak.de\/pl\/wp-content\/plugins\/elementor\/assets\/css\/widget-icon-list.min.css\">\t\t<ul class=\"elementor-icon-list-items\">\n\t\t\t\t\t\t\t<li class=\"elementor-icon-list-item\">\n\t\t\t\t\t\t\t\t\t\t\t<span class=\"elementor-icon-list-icon\">\n\t\t\t\t\t\t\t<i aria-hidden=\"true\" class=\"fas fa-check\"><\/i>\t\t\t\t\t\t<\/span>\n\t\t\t\t\t\t\t\t\t\t<span class=\"elementor-icon-list-text\"><\/span>\n\t\t\t\t\t\t\t\t\t<\/li>\n\t\t\t\t\t\t<\/ul>\n\t\t\t\t<\/div>\n\t\t\t\t<\/div>\n\t\t\t\t\t<\/div>\n\t\t<\/div>\n\t\t\t\t\t\t\t<\/div>\n\t\t<\/section>\n\t\t\t\t\t\t\t<\/div>\n\t\t","protected":false},"excerpt":{"rendered":"<p>PRAWO RODZINNE i SPADKOWE Prawo rodzinne W dziedzinie prawa rodzinnego oferuj\u0119 kompleksow\u0105 obs\u0142ug\u0119 prawn\u0105 w zakresie prowadzenia spraw rozwodowych,&nbsp;o alimenty, podzia\u0142 maj\u0105tku ma\u0142\u017conk\u00f3w, ustalenie ojcostwa, uregulowanie kontakt\u00f3w z dzieckiem, dotycz\u0105cych wladzy rodzicielskiej. Prawo spadkowe Moja praca w dziedzinie prawa spadkowego obejmuje doradztwo i reprezentowanie spadkodawc\u00f3w, spadkobierc\u00f3w, wsp\u00f3lnot spadkobierc\u00f3w i wszystkich innych stron zaanga\u017cowanych w dziedziczenie. [&hellip;]<\/p>\n","protected":false},"author":1,"featured_media":0,"parent":0,"menu_order":0,"comment_status":"closed","ping_status":"closed","template":"","meta":[],"yoast_head":"<!-- This site is optimized with the Yoast SEO plugin v19.13 - https:\/\/yoast.com\/wordpress\/plugins\/seo\/ -->\n<title>Prawo rodzinne i spadkowe - Kancelaria Anna Kurasiewicz<\/title>\n<meta name=\"robots\" content=\"index, follow, max-snippet:-1, max-image-preview:large, max-video-preview:-1\" \/>\n<link rel=\"canonical\" href=\"https:\/\/kanzlei-ak.de\/pl\/prawo-rodzinne\/\" \/>\n<meta property=\"og:locale\" content=\"pl_PL\" \/>\n<meta property=\"og:type\" content=\"article\" \/>\n<meta property=\"og:title\" content=\"Prawo rodzinne i spadkowe - Kancelaria Anna Kurasiewicz\" \/>\n<meta property=\"og:description\" content=\"PRAWO RODZINNE i SPADKOWE Prawo rodzinne W dziedzinie prawa rodzinnego oferuj\u0119 kompleksow\u0105 obs\u0142ug\u0119 prawn\u0105 w zakresie prowadzenia spraw rozwodowych,&nbsp;o alimenty, podzia\u0142 maj\u0105tku ma\u0142\u017conk\u00f3w, ustalenie ojcostwa, uregulowanie kontakt\u00f3w z dzieckiem, dotycz\u0105cych wladzy rodzicielskiej. Prawo spadkowe Moja praca w dziedzinie prawa spadkowego obejmuje doradztwo i reprezentowanie spadkodawc\u00f3w, spadkobierc\u00f3w, wsp\u00f3lnot spadkobierc\u00f3w i wszystkich innych stron zaanga\u017cowanych w dziedziczenie. [&hellip;]\" \/>\n<meta property=\"og:url\" content=\"https:\/\/kanzlei-ak.de\/pl\/prawo-rodzinne\/\" \/>\n<meta property=\"og:site_name\" content=\"Kancelaria Anna Kurasiewicz\" \/>\n<meta property=\"article:modified_time\" content=\"2023-11-07T18:01:23+00:00\" \/>\n<meta name=\"twitter:card\" content=\"summary_large_image\" \/>\n<meta name=\"twitter:label1\" content=\"Szacowany czas czytania\" \/>\n\t<meta name=\"twitter:data1\" content=\"1 minuta\" \/>\n<script type=\"application\/ld+json\" class=\"yoast-schema-graph\">{\"@context\":\"https:\/\/schema.org\",\"@graph\":[{\"@type\":\"WebPage\",\"@id\":\"https:\/\/kanzlei-ak.de\/pl\/prawo-rodzinne\/\",\"url\":\"https:\/\/kanzlei-ak.de\/pl\/prawo-rodzinne\/\",\"name\":\"Prawo rodzinne i spadkowe - Kancelaria Anna Kurasiewicz\",\"isPartOf\":{\"@id\":\"https:\/\/kanzlei-ak.de\/pl\/#website\"},\"datePublished\":\"2022-12-29T18:28:23+00:00\",\"dateModified\":\"2023-11-07T18:01:23+00:00\",\"breadcrumb\":{\"@id\":\"https:\/\/kanzlei-ak.de\/pl\/prawo-rodzinne\/#breadcrumb\"},\"inLanguage\":\"pl-PL\",\"potentialAction\":[{\"@type\":\"ReadAction\",\"target\":[\"https:\/\/kanzlei-ak.de\/pl\/prawo-rodzinne\/\"]}]},{\"@type\":\"BreadcrumbList\",\"@id\":\"https:\/\/kanzlei-ak.de\/pl\/prawo-rodzinne\/#breadcrumb\",\"itemListElement\":[{\"@type\":\"ListItem\",\"position\":1,\"name\":\"Strona g\u0142\u00f3wna\",\"item\":\"https:\/\/kanzlei-ak.de\/pl\/\"},{\"@type\":\"ListItem\",\"position\":2,\"name\":\"Prawo rodzinne i spadkowe\"}]},{\"@type\":\"WebSite\",\"@id\":\"https:\/\/kanzlei-ak.de\/pl\/#website\",\"url\":\"https:\/\/kanzlei-ak.de\/pl\/\",\"name\":\"Kancelaria Anna Kurasiewicz\",\"description\":\"Fachowa pomoc prawna jest dla mnie priorytetem\",\"potentialAction\":[{\"@type\":\"SearchAction\",\"target\":{\"@type\":\"EntryPoint\",\"urlTemplate\":\"https:\/\/kanzlei-ak.de\/pl\/?s={search_term_string}\"},\"query-input\":\"required name=search_term_string\"}],\"inLanguage\":\"pl-PL\"}]}<\/script>\n<!-- \/ Yoast SEO plugin. -->","yoast_head_json":{"title":"Prawo rodzinne i spadkowe - Kancelaria Anna Kurasiewicz","robots":{"index":"index","follow":"follow","max-snippet":"max-snippet:-1","max-image-preview":"max-image-preview:large","max-video-preview":"max-video-preview:-1"},"canonical":"https:\/\/kanzlei-ak.de\/pl\/prawo-rodzinne\/","og_locale":"pl_PL","og_type":"article","og_title":"Prawo rodzinne i spadkowe - Kancelaria Anna Kurasiewicz","og_description":"PRAWO RODZINNE i SPADKOWE Prawo rodzinne W dziedzinie prawa rodzinnego oferuj\u0119 kompleksow\u0105 obs\u0142ug\u0119 prawn\u0105 w zakresie prowadzenia spraw rozwodowych,&nbsp;o alimenty, podzia\u0142 maj\u0105tku ma\u0142\u017conk\u00f3w, ustalenie ojcostwa, uregulowanie kontakt\u00f3w z dzieckiem, dotycz\u0105cych wladzy rodzicielskiej. Prawo spadkowe Moja praca w dziedzinie prawa spadkowego obejmuje doradztwo i reprezentowanie spadkodawc\u00f3w, spadkobierc\u00f3w, wsp\u00f3lnot spadkobierc\u00f3w i wszystkich innych stron zaanga\u017cowanych w dziedziczenie. [&hellip;]","og_url":"https:\/\/kanzlei-ak.de\/pl\/prawo-rodzinne\/","og_site_name":"Kancelaria Anna Kurasiewicz","article_modified_time":"2023-11-07T18:01:23+00:00","twitter_card":"summary_large_image","twitter_misc":{"Szacowany czas czytania":"1 minuta"},"schema":{"@context":"https:\/\/schema.org","@graph":[{"@type":"WebPage","@id":"https:\/\/kanzlei-ak.de\/pl\/prawo-rodzinne\/","url":"https:\/\/kanzlei-ak.de\/pl\/prawo-rodzinne\/","name":"Prawo rodzinne i spadkowe - Kancelaria Anna Kurasiewicz","isPartOf":{"@id":"https:\/\/kanzlei-ak.de\/pl\/#website"},"datePublished":"2022-12-29T18:28:23+00:00","dateModified":"2023-11-07T18:01:23+00:00","breadcrumb":{"@id":"https:\/\/kanzlei-ak.de\/pl\/prawo-rodzinne\/#breadcrumb"},"inLanguage":"pl-PL","potentialAction":[{"@type":"ReadAction","target":["https:\/\/kanzlei-ak.de\/pl\/prawo-rodzinne\/"]}]},{"@type":"BreadcrumbList","@id":"https:\/\/kanzlei-ak.de\/pl\/prawo-rodzinne\/#breadcrumb","itemListElement":[{"@type":"ListItem","position":1,"name":"Strona g\u0142\u00f3wna","item":"https:\/\/kanzlei-ak.de\/pl\/"},{"@type":"ListItem","position":2,"name":"Prawo rodzinne i spadkowe"}]},{"@type":"WebSite","@id":"https:\/\/kanzlei-ak.de\/pl\/#website","url":"https:\/\/kanzlei-ak.de\/pl\/","name":"Kancelaria Anna Kurasiewicz","description":"Fachowa pomoc prawna jest dla mnie priorytetem","potentialAction":[{"@type":"SearchAction","target":{"@type":"EntryPoint","urlTemplate":"https:\/\/kanzlei-ak.de\/pl\/?s={search_term_string}"},"query-input":"required name=search_term_string"}],"inLanguage":"pl-PL"}]}},"_links":{"self":[{"href":"https:\/\/kanzlei-ak.de\/pl\/wp-json\/wp\/v2\/pages\/121"}],"collection":[{"href":"https:\/\/kanzlei-ak.de\/pl\/wp-json\/wp\/v2\/pages"}],"about":[{"href":"https:\/\/kanzlei-ak.de\/pl\/wp-json\/wp\/v2\/types\/page"}],"author":[{"embeddable":true,"href":"https:\/\/kanzlei-ak.de\/pl\/wp-json\/wp\/v2\/users\/1"}],"replies":[{"embeddable":true,"href":"https:\/\/kanzlei-ak.de\/pl\/wp-json\/wp\/v2\/comments?post=121"}],"version-history":[{"count":35,"href":"https:\/\/kanzlei-ak.de\/pl\/wp-json\/wp\/v2\/pages\/121\/revisions"}],"predecessor-version":[{"id":445,"href":"https:\/\/kanzlei-ak.de\/pl\/wp-json\/wp\/v2\/pages\/121\/revisions\/445"}],"wp:attachment":[{"href":"https:\/\/kanzlei-ak.de\/pl\/wp-json\/wp\/v2\/media?parent=121"}],"curies":[{"name":"wp","href":"https:\/\/api.w.org\/{rel}","templated":true}]}}