{"id":119,"date":"2022-12-29T19:28:07","date_gmt":"2022-12-29T18:28:07","guid":{"rendered":"https:\/\/kanzlei-ak.de\/pl\/?page_id=119"},"modified":"2022-12-30T08:50:10","modified_gmt":"2022-12-30T07:50:10","slug":"prawo-cywilne","status":"publish","type":"page","link":"https:\/\/kanzlei-ak.de\/pl\/prawo-cywilne\/","title":{"rendered":"Prawo cywilne"},"content":{"rendered":"\t\t<div data-elementor-type=\"wp-page\" data-elementor-id=\"119\" class=\"elementor elementor-119\">\n\t\t\t\t\t\t\t\t\t<section class=\"elementor-section elementor-top-section elementor-element elementor-element-347dae3 elementor-section-boxed elementor-section-height-default elementor-section-height-default\" data-id=\"347dae3\" data-element_type=\"section\" data-settings=\"{&quot;background_background&quot;:&quot;classic&quot;}\">\n\t\t\t\t\t\t<div class=\"elementor-container elementor-column-gap-default\">\n\t\t\t\t\t<div class=\"elementor-column elementor-col-100 elementor-top-column elementor-element elementor-element-2116d1a\" data-id=\"2116d1a\" data-element_type=\"column\">\n\t\t\t<div class=\"elementor-widget-wrap elementor-element-populated\">\n\t\t\t\t\t\t\t\t<div class=\"elementor-element elementor-element-0175642 elementor-widget elementor-widget-text-editor\" data-id=\"0175642\" data-element_type=\"widget\" data-widget_type=\"text-editor.default\">\n\t\t\t\t<div class=\"elementor-widget-container\">\n\t\t\t<style>\/*! elementor - v3.9.2 - 21-12-2022 *\/\n.elementor-widget-text-editor.elementor-drop-cap-view-stacked .elementor-drop-cap{background-color:#818a91;color:#fff}.elementor-widget-text-editor.elementor-drop-cap-view-framed .elementor-drop-cap{color:#818a91;border:3px solid;background-color:transparent}.elementor-widget-text-editor:not(.elementor-drop-cap-view-default) .elementor-drop-cap{margin-top:8px}.elementor-widget-text-editor:not(.elementor-drop-cap-view-default) .elementor-drop-cap-letter{width:1em;height:1em}.elementor-widget-text-editor .elementor-drop-cap{float:left;text-align:center;line-height:1;font-size:50px}.elementor-widget-text-editor .elementor-drop-cap-letter{display:inline-block}<\/style>\t\t\t\t<p>PRAWO CYWILNE<\/p>\t\t\t\t\t\t<\/div>\n\t\t\t\t<\/div>\n\t\t\t\t\t<\/div>\n\t\t<\/div>\n\t\t\t\t\t\t\t<\/div>\n\t\t<\/section>\n\t\t\t\t<section class=\"elementor-section elementor-top-section elementor-element elementor-element-ee1496d elementor-section-boxed elementor-section-height-default elementor-section-height-default\" data-id=\"ee1496d\" data-element_type=\"section\">\n\t\t\t\t\t\t<div class=\"elementor-container elementor-column-gap-default\">\n\t\t\t\t\t<div class=\"elementor-column elementor-col-100 elementor-top-column elementor-element elementor-element-2961fa8\" data-id=\"2961fa8\" data-element_type=\"column\">\n\t\t\t<div class=\"elementor-widget-wrap elementor-element-populated\">\n\t\t\t\t\t\t\t\t<div class=\"elementor-element elementor-element-36a4818 elementor-widget elementor-widget-text-editor\" data-id=\"36a4818\" data-element_type=\"widget\" data-widget_type=\"text-editor.default\">\n\t\t\t\t<div class=\"elementor-widget-container\">\n\t\t\t\t\t\t\t<p><span style=\"font-weight: 400;\">Specjalizuj\u0119 si\u0119 w wybranych dziedzinach prawa cywilnego:<\/span><\/p>\t\t\t\t\t\t<\/div>\n\t\t\t\t<\/div>\n\t\t\t\t<div class=\"elementor-element elementor-element-a560331 elementor-widget elementor-widget-text-editor\" data-id=\"a560331\" data-element_type=\"widget\" data-widget_type=\"text-editor.default\">\n\t\t\t\t<div class=\"elementor-widget-container\">\n\t\t\t\t\t\t\t<p><b>Dochodzenie roszcze\u0144 umownych <\/b><span style=\"font-weight: 400;\">(umowa sprzeda\u017cy &#8211; w tym umowa sprzeda\u017cy pojazd\u00f3w nowych i u\u017cywanych, umowa o dzie\u0142o) &#8211; pomagam egzekwowa\u0107 prawa i obowi\u0105zki wynikaj\u0105ce z umowy na korzy\u015b\u0107 moich Klient\u00f3w, sporz\u0105dzam pisma procesowe, udzielam praktycznych porad prawnych oraz reprezentuj\u0119 ich interesy przed s\u0105dami i innymi instytucjami w Niemczech.\u00a0<\/span><\/p><p><b>Prawo budowlane <\/b><span style=\"font-weight: 400;\">&#8211; kompleksowo zajmuj\u0119 si\u0119 prowadzeniem spraw z zakresu prawa budowlanego na terenie Niemiec. Najcz\u0119\u015bciej dotycz\u0105 one odzyskiwania nale\u017cno\u015bci (zap\u0142aty) za wykonane us\u0142ugi czy egzekucji roszcze\u0144 zwi\u0105zanych z napraw\u0105 wad. Ponadto, w oparciu o niemieckie ustawodawstwo, sporz\u0105dzam fachowe opinie prawne oraz udzielam porad prawnych dotycz\u0105cych faktur, um\u00f3w podwykonawczych oraz innych problem\u00f3w wi\u0105\u017c\u0105cych si\u0119 z procesem budowlanym.\u00a0<\/span><\/p><p><b>Umowa najmu <\/b><span style=\"font-weight: 400;\">&#8211; sporz\u0105dzam i pomagam przygotowa\u0107 odpowiednie umowy najmu, kt\u00f3re solidnie zabezpiecz\u0105 interes Klienta Kancelarii. Zajmuj\u0119 si\u0119 r\u00f3wnie\u017c wadliwymi umowami najmu nieruchomo\u015bci oraz usuwaniem ich skutk\u00f3w, procesem wypowiedzenia umowy najmu oraz prawid\u0142owym obni\u017ceniem lub podniesieniem czynszu. Na moje wsparcie mog\u0105 liczy\u0107 r\u00f3wnie\u017c osoby maj\u0105ce problem z rocznym rozliczeniem dodatkowych op\u0142at zwi\u0105zanych z najmem, procesem naprawy i konserwacji czy ze zwrotem kaucji lub wynajmowanej nieruchomo\u015bci.<\/span><\/p><p><b>Prawo odszkodowawcze <\/b><span style=\"font-weight: 400;\">&#8211; pomagam w szczeg\u00f3lno\u015bci w dochodzeniu roszcze\u0144 odszkodowawczych od sprawc\u00f3w wypadk\u00f3w oraz kolizji drogowych na terenie Niemiec. Kompletuj\u0119 i sporz\u0105dzam wszystkie konieczne dokumenty w sprawie, kontaktuj\u0119 si\u0119 z podmiotami bior\u0105cymi udzia\u0142 w post\u0119powaniu lub ewentualnych negocjacjach. W swojej pracy staram si\u0119, aby udzielana przeze mnie pomoc prawna szybko przynosi\u0142a oczekiwany efekt oraz skutecznie rozwi\u0105zywa\u0142a dany problem.\u00a0<\/span><\/p>\t\t\t\t\t\t<\/div>\n\t\t\t\t<\/div>\n\t\t\t\t\t<\/div>\n\t\t<\/div>\n\t\t\t\t\t\t\t<\/div>\n\t\t<\/section>\n\t\t\t\t\t\t\t<\/div>\n\t\t","protected":false},"excerpt":{"rendered":"<p>PRAWO CYWILNE Specjalizuj\u0119 si\u0119 w wybranych dziedzinach prawa cywilnego: Dochodzenie roszcze\u0144 umownych (umowa sprzeda\u017cy &#8211; w tym umowa sprzeda\u017cy pojazd\u00f3w nowych i u\u017cywanych, umowa o dzie\u0142o) &#8211; pomagam egzekwowa\u0107 prawa i obowi\u0105zki wynikaj\u0105ce z umowy na korzy\u015b\u0107 moich Klient\u00f3w, sporz\u0105dzam pisma procesowe, udzielam praktycznych porad prawnych oraz reprezentuj\u0119 ich interesy przed s\u0105dami i innymi instytucjami [&hellip;]<\/p>\n","protected":false},"author":1,"featured_media":0,"parent":0,"menu_order":0,"comment_status":"closed","ping_status":"closed","template":"","meta":[],"yoast_head":"<!-- This site is optimized with the Yoast SEO plugin v19.13 - https:\/\/yoast.com\/wordpress\/plugins\/seo\/ -->\n<title>Prawo cywilne - Kancelaria Anna Kurasiewicz<\/title>\n<meta name=\"robots\" content=\"index, follow, max-snippet:-1, max-image-preview:large, max-video-preview:-1\" \/>\n<link rel=\"canonical\" href=\"https:\/\/kanzlei-ak.de\/pl\/prawo-cywilne\/\" \/>\n<meta property=\"og:locale\" content=\"pl_PL\" \/>\n<meta property=\"og:type\" content=\"article\" \/>\n<meta property=\"og:title\" content=\"Prawo cywilne - Kancelaria Anna Kurasiewicz\" \/>\n<meta property=\"og:description\" content=\"PRAWO CYWILNE Specjalizuj\u0119 si\u0119 w wybranych dziedzinach prawa cywilnego: Dochodzenie roszcze\u0144 umownych (umowa sprzeda\u017cy &#8211; w tym umowa sprzeda\u017cy pojazd\u00f3w nowych i u\u017cywanych, umowa o dzie\u0142o) &#8211; pomagam egzekwowa\u0107 prawa i obowi\u0105zki wynikaj\u0105ce z umowy na korzy\u015b\u0107 moich Klient\u00f3w, sporz\u0105dzam pisma procesowe, udzielam praktycznych porad prawnych oraz reprezentuj\u0119 ich interesy przed s\u0105dami i innymi instytucjami [&hellip;]\" \/>\n<meta property=\"og:url\" content=\"https:\/\/kanzlei-ak.de\/pl\/prawo-cywilne\/\" \/>\n<meta property=\"og:site_name\" content=\"Kancelaria Anna Kurasiewicz\" \/>\n<meta property=\"article:modified_time\" content=\"2022-12-30T07:50:10+00:00\" \/>\n<meta name=\"twitter:card\" content=\"summary_large_image\" \/>\n<meta name=\"twitter:label1\" content=\"Szacowany czas czytania\" \/>\n\t<meta name=\"twitter:data1\" content=\"2 minuty\" \/>\n<script type=\"application\/ld+json\" class=\"yoast-schema-graph\">{\"@context\":\"https:\/\/schema.org\",\"@graph\":[{\"@type\":\"WebPage\",\"@id\":\"https:\/\/kanzlei-ak.de\/pl\/prawo-cywilne\/\",\"url\":\"https:\/\/kanzlei-ak.de\/pl\/prawo-cywilne\/\",\"name\":\"Prawo cywilne - Kancelaria Anna Kurasiewicz\",\"isPartOf\":{\"@id\":\"https:\/\/kanzlei-ak.de\/pl\/#website\"},\"datePublished\":\"2022-12-29T18:28:07+00:00\",\"dateModified\":\"2022-12-30T07:50:10+00:00\",\"breadcrumb\":{\"@id\":\"https:\/\/kanzlei-ak.de\/pl\/prawo-cywilne\/#breadcrumb\"},\"inLanguage\":\"pl-PL\",\"potentialAction\":[{\"@type\":\"ReadAction\",\"target\":[\"https:\/\/kanzlei-ak.de\/pl\/prawo-cywilne\/\"]}]},{\"@type\":\"BreadcrumbList\",\"@id\":\"https:\/\/kanzlei-ak.de\/pl\/prawo-cywilne\/#breadcrumb\",\"itemListElement\":[{\"@type\":\"ListItem\",\"position\":1,\"name\":\"Strona g\u0142\u00f3wna\",\"item\":\"https:\/\/kanzlei-ak.de\/pl\/\"},{\"@type\":\"ListItem\",\"position\":2,\"name\":\"Prawo cywilne\"}]},{\"@type\":\"WebSite\",\"@id\":\"https:\/\/kanzlei-ak.de\/pl\/#website\",\"url\":\"https:\/\/kanzlei-ak.de\/pl\/\",\"name\":\"Kancelaria Anna Kurasiewicz\",\"description\":\"Fachowa pomoc prawna jest dla mnie priorytetem\",\"potentialAction\":[{\"@type\":\"SearchAction\",\"target\":{\"@type\":\"EntryPoint\",\"urlTemplate\":\"https:\/\/kanzlei-ak.de\/pl\/?s={search_term_string}\"},\"query-input\":\"required name=search_term_string\"}],\"inLanguage\":\"pl-PL\"}]}<\/script>\n<!-- \/ Yoast SEO plugin. -->","yoast_head_json":{"title":"Prawo cywilne - Kancelaria Anna Kurasiewicz","robots":{"index":"index","follow":"follow","max-snippet":"max-snippet:-1","max-image-preview":"max-image-preview:large","max-video-preview":"max-video-preview:-1"},"canonical":"https:\/\/kanzlei-ak.de\/pl\/prawo-cywilne\/","og_locale":"pl_PL","og_type":"article","og_title":"Prawo cywilne - Kancelaria Anna Kurasiewicz","og_description":"PRAWO CYWILNE Specjalizuj\u0119 si\u0119 w wybranych dziedzinach prawa cywilnego: Dochodzenie roszcze\u0144 umownych (umowa sprzeda\u017cy &#8211; w tym umowa sprzeda\u017cy pojazd\u00f3w nowych i u\u017cywanych, umowa o dzie\u0142o) &#8211; pomagam egzekwowa\u0107 prawa i obowi\u0105zki wynikaj\u0105ce z umowy na korzy\u015b\u0107 moich Klient\u00f3w, sporz\u0105dzam pisma procesowe, udzielam praktycznych porad prawnych oraz reprezentuj\u0119 ich interesy przed s\u0105dami i innymi instytucjami [&hellip;]","og_url":"https:\/\/kanzlei-ak.de\/pl\/prawo-cywilne\/","og_site_name":"Kancelaria Anna Kurasiewicz","article_modified_time":"2022-12-30T07:50:10+00:00","twitter_card":"summary_large_image","twitter_misc":{"Szacowany czas czytania":"2 minuty"},"schema":{"@context":"https:\/\/schema.org","@graph":[{"@type":"WebPage","@id":"https:\/\/kanzlei-ak.de\/pl\/prawo-cywilne\/","url":"https:\/\/kanzlei-ak.de\/pl\/prawo-cywilne\/","name":"Prawo cywilne - Kancelaria Anna Kurasiewicz","isPartOf":{"@id":"https:\/\/kanzlei-ak.de\/pl\/#website"},"datePublished":"2022-12-29T18:28:07+00:00","dateModified":"2022-12-30T07:50:10+00:00","breadcrumb":{"@id":"https:\/\/kanzlei-ak.de\/pl\/prawo-cywilne\/#breadcrumb"},"inLanguage":"pl-PL","potentialAction":[{"@type":"ReadAction","target":["https:\/\/kanzlei-ak.de\/pl\/prawo-cywilne\/"]}]},{"@type":"BreadcrumbList","@id":"https:\/\/kanzlei-ak.de\/pl\/prawo-cywilne\/#breadcrumb","itemListElement":[{"@type":"ListItem","position":1,"name":"Strona g\u0142\u00f3wna","item":"https:\/\/kanzlei-ak.de\/pl\/"},{"@type":"ListItem","position":2,"name":"Prawo cywilne"}]},{"@type":"WebSite","@id":"https:\/\/kanzlei-ak.de\/pl\/#website","url":"https:\/\/kanzlei-ak.de\/pl\/","name":"Kancelaria Anna Kurasiewicz","description":"Fachowa pomoc prawna jest dla mnie priorytetem","potentialAction":[{"@type":"SearchAction","target":{"@type":"EntryPoint","urlTemplate":"https:\/\/kanzlei-ak.de\/pl\/?s={search_term_string}"},"query-input":"required name=search_term_string"}],"inLanguage":"pl-PL"}]}},"_links":{"self":[{"href":"https:\/\/kanzlei-ak.de\/pl\/wp-json\/wp\/v2\/pages\/119"}],"collection":[{"href":"https:\/\/kanzlei-ak.de\/pl\/wp-json\/wp\/v2\/pages"}],"about":[{"href":"https:\/\/kanzlei-ak.de\/pl\/wp-json\/wp\/v2\/types\/page"}],"author":[{"embeddable":true,"href":"https:\/\/kanzlei-ak.de\/pl\/wp-json\/wp\/v2\/users\/1"}],"replies":[{"embeddable":true,"href":"https:\/\/kanzlei-ak.de\/pl\/wp-json\/wp\/v2\/comments?post=119"}],"version-history":[{"count":16,"href":"https:\/\/kanzlei-ak.de\/pl\/wp-json\/wp\/v2\/pages\/119\/revisions"}],"predecessor-version":[{"id":204,"href":"https:\/\/kanzlei-ak.de\/pl\/wp-json\/wp\/v2\/pages\/119\/revisions\/204"}],"wp:attachment":[{"href":"https:\/\/kanzlei-ak.de\/pl\/wp-json\/wp\/v2\/media?parent=119"}],"curies":[{"name":"wp","href":"https:\/\/api.w.org\/{rel}","templated":true}]}}